{"id":4759,"date":"2023-07-30T11:11:58","date_gmt":"2023-07-30T11:11:58","guid":{"rendered":"http:\/\/192.168.0.6\/solari-new\/?page_id=4759"},"modified":"2025-10-05T09:11:22","modified_gmt":"2025-10-05T09:11:22","slug":"services","status":"publish","type":"page","link":"https:\/\/luxeauenergie.lu\/en\/services\/","title":{"rendered":"Services"},"content":{"rendered":"<div data-elementor-type=\"wp-page\" data-elementor-id=\"4759\" class=\"elementor elementor-4759\">\n\t\t\t\t<div class=\"elementor-element elementor-element-f81ea31 e-flex e-con-boxed rt-default-class e-con e-parent\" data-id=\"f81ea31\" data-element_type=\"container\" data-e-type=\"container\" data-settings=\"{&quot;background_background&quot;:&quot;classic&quot;}\">\n\t\t\t\t\t<div class=\"e-con-inner\">\n\t\t<div class=\"elementor-element elementor-element-323702e e-con-full e-flex rt-default-class e-con e-child\" data-id=\"323702e\" data-element_type=\"container\" data-e-type=\"container\" data-settings=\"{&quot;background_background&quot;:&quot;classic&quot;}\">\n\t\t\t\t<div class=\"elementor-element elementor-element-4804e10 rt-default-class elementor-widget elementor-widget-react-heading\" data-id=\"4804e10\" data-element_type=\"widget\" data-e-type=\"widget\" data-widget_type=\"react-heading.default\">\n\t\t\t\t<div class=\"elementor-widget-container\">\n\t\t\t\t\t\r\n\t\t<div class=\"react-heading style12  title-border-\">\r\n\t\t\t<div class=\"title-inner\">\r\n\t\t\t\t<div class=\"skew-up\"><h1 class=\"title word-line\">The Services <br> Luxeau Energy<\/h1><\/div>\t\t\t<\/div>\r\n\t\t\t\t\t\t\r\n\t\t\t\t\t<\/div>\r\n\t\t\r\n\t\t<script>\r\n\t\t\tjQuery(document).ready(function(){\r\n\t\t\tlet addAnimation = function () {\r\n\t\t\tjQuery(\".skew-up\").each(function (index) {\r\n\t\t\t\tconst text = new SplitType(jQuery(this), {\r\n\t\t\t\ttypes: \"lines, words\",\r\n\t\t\t\tlineClass: \"word-line\"\r\n\t\t\t\t});    let textInstance = jQuery(this);\r\n\t\t\t\tlet line = textInstance.find(\".word-line\");\r\n\t\t\t\tlet word = line.find(\".word\");    let tl = gsap.timeline({\r\n\t\t\t\tscrollTrigger: {\r\n\t\t\t\t\ttrigger: textInstance,\r\n\t\t\t\t\tstart: \"top 85%\",\r\n\t\t\t\t\tend: \"top 100%\",\r\n\t\t\t\t\tonComplete: function () {\r\n\t\t\t\t\tjQuery(textInstance).removeClass(\"skew-up\");\r\n\t\t\t\t\t}\r\n\t\t\t\t}\r\n\t\t\t\t});    tl.set(textInstance, { opacity: 1 }).from(word, {\r\n\t\t\t\ty: \"100%\",\r\n\t\t\t\tskewX: \"-5\",\r\n\t\t\t\tduration: 2,\r\n\t\t\t\tstagger: 0.03,\r\n\t\t\t\tease: \"expo.out\"\r\n\t\t\t\t});\r\n\t\t\t});\r\n\t\t\t};addAnimation();window.addEventListener(\"resize\", function (event) {\r\n\t\t\t\tif (jQuery(window).width() >= 992) {addAnimation(); }\r\n\t\t\t});\r\n\t\t});\r\n   \r\n\t\t<\/script>\r\n\t\t\t\t<\/div>\n\t\t\t\t<\/div>\n\t\t\t\t<\/div>\n\t\t\t\t\t<\/div>\n\t\t\t\t<\/div>\n\t\t<div class=\"elementor-element elementor-element-47b747c e-flex e-con-boxed rt-default-class e-con e-parent\" data-id=\"47b747c\" data-element_type=\"container\" data-e-type=\"container\" id=\"list-of-services\" data-settings=\"{&quot;background_background&quot;:&quot;classic&quot;}\">\n\t\t\t\t\t<div class=\"e-con-inner\">\n\t\t\t\t<div class=\"elementor-element elementor-element-c5cad45 elementor-widget__width-initial hover-translate-y rt-default-class elementor-widget elementor-widget-rt-service-grid\" data-id=\"c5cad45\" data-element_type=\"widget\" data-e-type=\"widget\" data-widget_type=\"rt-service-grid.default\">\n\t\t\t\t<div class=\"elementor-widget-container\">\n\t\t\t\t\t\r\n\t\t\r\n\r\n\r\n\t\t\r\n\r\n\t\t\r\n\r\n\t\t\r\n\r\n\t\t\r\n\r\n\t\t\r\n\t\t\r\n\t\t\t<div class=\"single-service-start\">\r\n\t\t\t\t<div class=\"image-area\">\r\n\t\t\t\t\t\t\t\t\t\t\t<a href=\"\/en\/services\/panneaux-solaire\/\" class=\"thumbnail\">\r\n\t\t\t\t\t\t\t<img title=\"Luxeau energie panneaux-solaire Services  \"decoding=\"async\" data-src=\"https:\/\/luxeauenergie.lu\/wp-content\/uploads\/2025\/09\/panneaux-solaire.png\" alt=\"Luxeau energie panneaux-solaire Services  \u00e9nergie renouvelable luxeau energie\" src=\"data:image\/svg+xml;base64,PHN2ZyB3aWR0aD0iMSIgaGVpZ2h0PSIxIiB4bWxucz0iaHR0cDovL3d3dy53My5vcmcvMjAwMC9zdmciPjwvc3ZnPg==\" class=\"lazyload\" style=\"--smush-placeholder-width: 1632px; --smush-placeholder-aspect-ratio: 1632\/640;\">\r\n\t\t\t\t\t\t<\/a>\r\n\t\t\t\t\t\t\t\t\t\t<div class=\"icon\">\r\n\t\t\t\t\t\t\t\t\t\t\t\t\t\t\t\t\t\t\t\t\t\t\t\t<\/div>\r\n\t\t\t\t<\/div>\r\n\t\t\t\t<div class=\"inner-content\">\r\n\t\t\t\t\t<a href=\"\/en\/services\/panneaux-solaire\/\">\r\n\t\t\t\t\t\t\t\t\t\t\t\t\t<h5 class=\"title\">solar panels<\/h5>\r\n\t\t\t\t\t\t\t\t\t\t\t<\/a>\r\n\t\t\t\t\t<p class=\"disc\">\r\n\t\t\t\t\t\t\t\t\t\t\t<\/p>\r\n\t\t\t\t\t\t\t\t\t\t<a href=\"\/en\/services\/panneaux-solaire\/\" class=\"rts-btn btn-primary\">Discover\t\t\t\t\t\t<i aria-hidden=\"true\" class=\"fa fa-arrow-right\"><\/i>\t\t\t\t\t<\/a>\r\n\t\t\t\t\t\t\t\t\t<\/div>\r\n\t\t\t<\/div>\r\n\r\n\t\t\r\n\r\n\t\t\r\n\r\n\t\t\r\n\t\t\r\n\t\t\t\t<\/div>\n\t\t\t\t<\/div>\n\t\t\t\t<div class=\"elementor-element elementor-element-e964ae3 elementor-widget__width-initial hover-translate-y rt-default-class elementor-widget elementor-widget-rt-service-grid\" data-id=\"e964ae3\" data-element_type=\"widget\" data-e-type=\"widget\" data-widget_type=\"rt-service-grid.default\">\n\t\t\t\t<div class=\"elementor-widget-container\">\n\t\t\t\t\t\r\n\t\t\r\n\r\n\r\n\t\t\r\n\r\n\t\t\r\n\r\n\t\t\r\n\r\n\t\t\r\n\r\n\t\t\r\n\t\t\r\n\t\t\t<div class=\"single-service-start\">\r\n\t\t\t\t<div class=\"image-area\">\r\n\t\t\t\t\t\t\t\t\t\t\t<a href=\"\/en\/services\/isolation-facade\/\" class=\"thumbnail\">\r\n\t\t\t\t\t\t\t<img title=\"Luxeau energie Isolation-facade-1 Services  \"decoding=\"async\" data-src=\"https:\/\/luxeauenergie.lu\/wp-content\/uploads\/2025\/09\/Isolation-facade-1.png\" alt=\"Luxeau energie Isolation-facade-1 Services  \u00e9nergie renouvelable luxeau energie\" src=\"data:image\/svg+xml;base64,PHN2ZyB3aWR0aD0iMSIgaGVpZ2h0PSIxIiB4bWxucz0iaHR0cDovL3d3dy53My5vcmcvMjAwMC9zdmciPjwvc3ZnPg==\" class=\"lazyload\" style=\"--smush-placeholder-width: 1024px; --smush-placeholder-aspect-ratio: 1024\/768;\">\r\n\t\t\t\t\t\t<\/a>\r\n\t\t\t\t\t\t\t\t\t\t<div class=\"icon\">\r\n\t\t\t\t\t\t\t\t\t\t\t\t\t\t\t\t\t\t\t\t\t\t\t\t<\/div>\r\n\t\t\t\t<\/div>\r\n\t\t\t\t<div class=\"inner-content\">\r\n\t\t\t\t\t<a href=\"\/en\/services\/isolation-facade\/\">\r\n\t\t\t\t\t\t\t\t\t\t\t\t\t<h5 class=\"title\">Facade insulation<\/h5>\r\n\t\t\t\t\t\t\t\t\t\t\t<\/a>\r\n\t\t\t\t\t<p class=\"disc\">\r\n\t\t\t\t\t\t\t\t\t\t\t<\/p>\r\n\t\t\t\t\t\t\t\t\t\t<a href=\"\/en\/services\/isolation-facade\/\" class=\"rts-btn btn-primary\">Discover\t\t\t\t\t\t<i aria-hidden=\"true\" class=\"fa fa-arrow-right\"><\/i>\t\t\t\t\t<\/a>\r\n\t\t\t\t\t\t\t\t\t<\/div>\r\n\t\t\t<\/div>\r\n\r\n\t\t\r\n\r\n\t\t\r\n\r\n\t\t\r\n\t\t\r\n\t\t\t\t<\/div>\n\t\t\t\t<\/div>\n\t\t\t\t<div class=\"elementor-element elementor-element-aa97efe elementor-widget__width-initial hover-translate-y rt-default-class elementor-widget elementor-widget-rt-service-grid\" data-id=\"aa97efe\" data-element_type=\"widget\" data-e-type=\"widget\" data-widget_type=\"rt-service-grid.default\">\n\t\t\t\t<div class=\"elementor-widget-container\">\n\t\t\t\t\t\r\n\t\t\r\n\r\n\r\n\t\t\r\n\r\n\t\t\r\n\r\n\t\t\r\n\r\n\t\t\r\n\r\n\t\t\r\n\t\t\r\n\t\t\t<div class=\"single-service-start\">\r\n\t\t\t\t<div class=\"image-area\">\r\n\t\t\t\t\t\t\t\t\t\t\t<a href=\"\/en\/services\/batteries-de-stockage\/\" class=\"thumbnail\">\r\n\t\t\t\t\t\t\t<img title=\"Luxeau energie Batteries-de-stockag Services  \"decoding=\"async\" data-src=\"https:\/\/luxeauenergie.lu\/wp-content\/uploads\/2025\/09\/Batteries-de-stockag.png\" alt=\"Luxeau energie Batteries-de-stockag Services  \u00e9nergie renouvelable luxeau energie\" src=\"data:image\/svg+xml;base64,PHN2ZyB3aWR0aD0iMSIgaGVpZ2h0PSIxIiB4bWxucz0iaHR0cDovL3d3dy53My5vcmcvMjAwMC9zdmciPjwvc3ZnPg==\" class=\"lazyload\" style=\"--smush-placeholder-width: 1280px; --smush-placeholder-aspect-ratio: 1280\/800;\">\r\n\t\t\t\t\t\t<\/a>\r\n\t\t\t\t\t\t\t\t\t\t<div class=\"icon\">\r\n\t\t\t\t\t\t\t\t\t\t\t\t\t\t\t\t\t\t\t\t\t\t\t\t<\/div>\r\n\t\t\t\t<\/div>\r\n\t\t\t\t<div class=\"inner-content\">\r\n\t\t\t\t\t<a href=\"\/en\/services\/batteries-de-stockage\/\">\r\n\t\t\t\t\t\t\t\t\t\t\t\t\t<h5 class=\"title\">Storage batteries<\/h5>\r\n\t\t\t\t\t\t\t\t\t\t\t<\/a>\r\n\t\t\t\t\t<p class=\"disc\">\r\n\t\t\t\t\t\t\t\t\t\t\t<\/p>\r\n\t\t\t\t\t\t\t\t\t\t<a href=\"\/en\/services\/batteries-de-stockage\/\" class=\"rts-btn btn-primary\">Discover\t\t\t\t\t\t<i aria-hidden=\"true\" class=\"fa fa-arrow-right\"><\/i>\t\t\t\t\t<\/a>\r\n\t\t\t\t\t\t\t\t\t<\/div>\r\n\t\t\t<\/div>\r\n\r\n\t\t\r\n\r\n\t\t\r\n\r\n\t\t\r\n\t\t\r\n\t\t\t\t<\/div>\n\t\t\t\t<\/div>\n\t\t\t\t<div class=\"elementor-element elementor-element-ec535b5 elementor-widget__width-initial hover-translate-y rt-default-class elementor-widget elementor-widget-rt-service-grid\" data-id=\"ec535b5\" data-element_type=\"widget\" data-e-type=\"widget\" data-widget_type=\"rt-service-grid.default\">\n\t\t\t\t<div class=\"elementor-widget-container\">\n\t\t\t\t\t\r\n\t\t\r\n\r\n\r\n\t\t\r\n\r\n\t\t\r\n\r\n\t\t\r\n\r\n\t\t\r\n\r\n\t\t\r\n\t\t\r\n\t\t\t<div class=\"single-service-start\">\r\n\t\t\t\t<div class=\"image-area\">\r\n\t\t\t\t\t\t\t\t\t\t\t<a href=\"\/en\/services\/borne-de-recharge\/\" class=\"thumbnail\">\r\n\t\t\t\t\t\t\t<img title=\"Luxeau energie Batteries-de-stockage-2 Services  \"decoding=\"async\" data-src=\"https:\/\/luxeauenergie.lu\/wp-content\/uploads\/2025\/09\/Batteries-de-stockage-2.png\" alt=\"Luxeau energie Batteries-de-stockage-2 Services  \u00e9nergie renouvelable luxeau energie\" src=\"data:image\/svg+xml;base64,PHN2ZyB3aWR0aD0iMSIgaGVpZ2h0PSIxIiB4bWxucz0iaHR0cDovL3d3dy53My5vcmcvMjAwMC9zdmciPjwvc3ZnPg==\" class=\"lazyload\" style=\"--smush-placeholder-width: 1120px; --smush-placeholder-aspect-ratio: 1120\/928;\">\r\n\t\t\t\t\t\t<\/a>\r\n\t\t\t\t\t\t\t\t\t\t<div class=\"icon\">\r\n\t\t\t\t\t\t\t\t\t\t\t\t\t\t\t\t\t\t\t\t\t\t\t\t<\/div>\r\n\t\t\t\t<\/div>\r\n\t\t\t\t<div class=\"inner-content\">\r\n\t\t\t\t\t<a href=\"\/en\/services\/borne-de-recharge\/\">\r\n\t\t\t\t\t\t\t\t\t\t\t\t\t<h5 class=\"title\">Charging station<\/h5>\r\n\t\t\t\t\t\t\t\t\t\t\t<\/a>\r\n\t\t\t\t\t<p class=\"disc\">\r\n\t\t\t\t\t\t\t\t\t\t\t<\/p>\r\n\t\t\t\t\t\t\t\t\t\t<a href=\"\/en\/services\/borne-de-recharge\/\" class=\"rts-btn btn-primary\">Discover\t\t\t\t\t\t<i aria-hidden=\"true\" class=\"fa fa-arrow-right\"><\/i>\t\t\t\t\t<\/a>\r\n\t\t\t\t\t\t\t\t\t<\/div>\r\n\t\t\t<\/div>\r\n\r\n\t\t\r\n\r\n\t\t\r\n\r\n\t\t\r\n\t\t\r\n\t\t\t\t<\/div>\n\t\t\t\t<\/div>\n\t\t\t\t<div class=\"elementor-element elementor-element-bbdf29d elementor-widget__width-initial hover-translate-y rt-default-class elementor-widget elementor-widget-rt-service-grid\" data-id=\"bbdf29d\" data-element_type=\"widget\" data-e-type=\"widget\" data-widget_type=\"rt-service-grid.default\">\n\t\t\t\t<div class=\"elementor-widget-container\">\n\t\t\t\t\t\r\n\t\t\r\n\r\n\r\n\t\t\r\n\r\n\t\t\r\n\r\n\t\t\r\n\r\n\t\t\r\n\r\n\t\t\r\n\t\t\r\n\t\t\t<div class=\"single-service-start\">\r\n\t\t\t\t<div class=\"image-area\">\r\n\t\t\t\t\t\t\t\t\t\t\t<a href=\"\/en\/services\/pompes-a-chaleur\/\" class=\"thumbnail\">\r\n\t\t\t\t\t\t\t<img title=\"Luxeau energie Pompes-a-chaleur Services  \"decoding=\"async\" data-src=\"https:\/\/luxeauenergie.lu\/wp-content\/uploads\/2025\/09\/Pompes-a-chaleur.png\" alt=\"Luxeau energie Pompes-a-chaleur Services  \u00e9nergie renouvelable luxeau energie\" src=\"data:image\/svg+xml;base64,PHN2ZyB3aWR0aD0iMSIgaGVpZ2h0PSIxIiB4bWxucz0iaHR0cDovL3d3dy53My5vcmcvMjAwMC9zdmciPjwvc3ZnPg==\" class=\"lazyload\" style=\"--smush-placeholder-width: 1496px; --smush-placeholder-aspect-ratio: 1496\/981;\">\r\n\t\t\t\t\t\t<\/a>\r\n\t\t\t\t\t\t\t\t\t\t<div class=\"icon\">\r\n\t\t\t\t\t\t\t\t\t\t\t\t\t\t\t\t\t\t\t\t\t\t\t\t<\/div>\r\n\t\t\t\t<\/div>\r\n\t\t\t\t<div class=\"inner-content\">\r\n\t\t\t\t\t<a href=\"\/en\/services\/pompes-a-chaleur\/\">\r\n\t\t\t\t\t\t\t\t\t\t\t\t\t<h5 class=\"title\">Heat pumps<\/h5>\r\n\t\t\t\t\t\t\t\t\t\t\t<\/a>\r\n\t\t\t\t\t<p class=\"disc\">\r\n\t\t\t\t\t\t\t\t\t\t\t<\/p>\r\n\t\t\t\t\t\t\t\t\t\t<a href=\"\/en\/services\/pompes-a-chaleur\/\" class=\"rts-btn btn-primary\">Discover\t\t\t\t\t\t<i aria-hidden=\"true\" class=\"fa fa-arrow-right\"><\/i>\t\t\t\t\t<\/a>\r\n\t\t\t\t\t\t\t\t\t<\/div>\r\n\t\t\t<\/div>\r\n\r\n\t\t\r\n\r\n\t\t\r\n\r\n\t\t\r\n\t\t\r\n\t\t\t\t<\/div>\n\t\t\t\t<\/div>\n\t\t\t\t<div class=\"elementor-element elementor-element-a63d024 elementor-widget__width-initial hover-translate-y rt-default-class elementor-widget elementor-widget-rt-service-grid\" data-id=\"a63d024\" data-element_type=\"widget\" data-e-type=\"widget\" data-widget_type=\"rt-service-grid.default\">\n\t\t\t\t<div class=\"elementor-widget-container\">\n\t\t\t\t\t\r\n\t\t\r\n\r\n\r\n\t\t\r\n\r\n\t\t\r\n\r\n\t\t\r\n\r\n\t\t\r\n\r\n\t\t\r\n\t\t\r\n\t\t\t<div class=\"single-service-start\">\r\n\t\t\t\t<div class=\"image-area\">\r\n\t\t\t\t\t\t\t\t\t\t\t<a href=\"\/en\/services\/filtration-deau\/\" class=\"thumbnail\">\r\n\t\t\t\t\t\t\t<img title=\"Luxeau energie Filtration-deau-hero Services  \"decoding=\"async\" data-src=\"https:\/\/luxeauenergie.lu\/wp-content\/uploads\/2025\/09\/Filtration-deau-hero.png\" alt=\"Luxeau energie Filtration-deau-hero Services  \u00e9nergie renouvelable luxeau energie\" src=\"data:image\/svg+xml;base64,PHN2ZyB3aWR0aD0iMSIgaGVpZ2h0PSIxIiB4bWxucz0iaHR0cDovL3d3dy53My5vcmcvMjAwMC9zdmciPjwvc3ZnPg==\" class=\"lazyload\" style=\"--smush-placeholder-width: 1436px; --smush-placeholder-aspect-ratio: 1436\/491;\">\r\n\t\t\t\t\t\t<\/a>\r\n\t\t\t\t\t\t\t\t\t\t<div class=\"icon\">\r\n\t\t\t\t\t\t\t\t\t\t\t\t\t\t\t\t\t\t\t\t\t\t\t\t<\/div>\r\n\t\t\t\t<\/div>\r\n\t\t\t\t<div class=\"inner-content\">\r\n\t\t\t\t\t<a href=\"\/en\/services\/filtration-deau\/\">\r\n\t\t\t\t\t\t\t\t\t\t\t\t\t<h5 class=\"title\">Water filtration<\/h5>\r\n\t\t\t\t\t\t\t\t\t\t\t<\/a>\r\n\t\t\t\t\t<p class=\"disc\">\r\n\t\t\t\t\t\t\t\t\t\t\t<\/p>\r\n\t\t\t\t\t\t\t\t\t\t<a href=\"\/en\/services\/filtration-deau\/\" class=\"rts-btn btn-primary\">Discover\t\t\t\t\t\t<i aria-hidden=\"true\" class=\"fa fa-arrow-right\"><\/i>\t\t\t\t\t<\/a>\r\n\t\t\t\t\t\t\t\t\t<\/div>\r\n\t\t\t<\/div>\r\n\r\n\t\t\r\n\r\n\t\t\r\n\r\n\t\t\r\n\t\t\r\n\t\t\t\t<\/div>\n\t\t\t\t<\/div>\n\t\t\t\t\t<\/div>\n\t\t\t\t<\/div>\n\t\t\t\t<\/div>","protected":false},"excerpt":{"rendered":"<p>Les Services Luxeau Energie panneaux solaire &nbsp; D\u00e9couvrir Isolation fa\u00e7ade &nbsp; D\u00e9couvrir Batteries de stockage &nbsp; D\u00e9couvrir Borne de recharge &nbsp; D\u00e9couvrir Pompes \u00e0 chaleur &nbsp; D\u00e9couvrir Filtration d\u2019eau &nbsp; D\u00e9couvrir<\/p>","protected":false},"author":2,"featured_media":0,"parent":0,"menu_order":0,"comment_status":"closed","ping_status":"closed","template":"elementor_header_footer","meta":{"_monsterinsights_skip_tracking":false,"_monsterinsights_sitenote_active":false,"_monsterinsights_sitenote_note":"","_monsterinsights_sitenote_category":0,"footnotes":""},"class_list":["post-4759","page","type-page","status-publish","hentry"],"_links":{"self":[{"href":"https:\/\/luxeauenergie.lu\/en\/wp-json\/wp\/v2\/pages\/4759","targetHints":{"allow":["GET"]}}],"collection":[{"href":"https:\/\/luxeauenergie.lu\/en\/wp-json\/wp\/v2\/pages"}],"about":[{"href":"https:\/\/luxeauenergie.lu\/en\/wp-json\/wp\/v2\/types\/page"}],"author":[{"embeddable":true,"href":"https:\/\/luxeauenergie.lu\/en\/wp-json\/wp\/v2\/users\/2"}],"replies":[{"embeddable":true,"href":"https:\/\/luxeauenergie.lu\/en\/wp-json\/wp\/v2\/comments?post=4759"}],"version-history":[{"count":122,"href":"https:\/\/luxeauenergie.lu\/en\/wp-json\/wp\/v2\/pages\/4759\/revisions"}],"predecessor-version":[{"id":12778,"href":"https:\/\/luxeauenergie.lu\/en\/wp-json\/wp\/v2\/pages\/4759\/revisions\/12778"}],"wp:attachment":[{"href":"https:\/\/luxeauenergie.lu\/en\/wp-json\/wp\/v2\/media?parent=4759"}],"curies":[{"name":"wp","href":"https:\/\/api.w.org\/{rel}","templated":true}]}}