{"id":1855,"date":"2023-05-01T08:24:46","date_gmt":"2023-05-01T08:24:46","guid":{"rendered":"http:\/\/192.168.0.235\/drill\/?page_id=1855"},"modified":"2025-11-07T09:57:56","modified_gmt":"2025-11-07T09:57:56","slug":"projets","status":"publish","type":"page","link":"https:\/\/luxeauenergie.lu\/en\/projets\/","title":{"rendered":"Projects"},"content":{"rendered":"<div data-elementor-type=\"wp-page\" data-elementor-id=\"1855\" class=\"elementor elementor-1855\">\n\t\t\t\t<div class=\"elementor-element elementor-element-d81b9f5 e-flex e-con-boxed rt-default-class e-con e-parent\" data-id=\"d81b9f5\" data-element_type=\"container\" data-e-type=\"container\" data-settings=\"{&quot;background_background&quot;:&quot;classic&quot;}\">\n\t\t\t\t\t<div class=\"e-con-inner\">\n\t\t<div class=\"elementor-element elementor-element-96f11ae e-con-full e-flex rt-default-class e-con e-child\" data-id=\"96f11ae\" data-element_type=\"container\" data-e-type=\"container\" data-settings=\"{&quot;background_background&quot;:&quot;classic&quot;}\">\n\t\t\t\t<div class=\"elementor-element elementor-element-3cc83ee rt-default-class elementor-widget elementor-widget-react-heading\" data-id=\"3cc83ee\" data-element_type=\"widget\" data-e-type=\"widget\" data-widget_type=\"react-heading.default\">\n\t\t\t\t<div class=\"elementor-widget-container\">\n\t\t\t\t\t\r\n\t\t<div class=\"react-heading style12  title-border-\">\r\n\t\t\t<div class=\"title-inner\">\r\n\t\t\t\t<div class=\"skew-up\"><h1 class=\"title word-line\">The Projects<br>  Luxeau Energy<\/h1><\/div>\t\t\t<\/div>\r\n\t\t\t\t\t\t\r\n\t\t\t\t\t<\/div>\r\n\t\t\r\n\t\t<script>\r\n\t\t\tjQuery(document).ready(function(){\r\n\t\t\tlet addAnimation = function () {\r\n\t\t\tjQuery(\".skew-up\").each(function (index) {\r\n\t\t\t\tconst text = new SplitType(jQuery(this), {\r\n\t\t\t\ttypes: \"lines, words\",\r\n\t\t\t\tlineClass: \"word-line\"\r\n\t\t\t\t});    let textInstance = jQuery(this);\r\n\t\t\t\tlet line = textInstance.find(\".word-line\");\r\n\t\t\t\tlet word = line.find(\".word\");    let tl = gsap.timeline({\r\n\t\t\t\tscrollTrigger: {\r\n\t\t\t\t\ttrigger: textInstance,\r\n\t\t\t\t\tstart: \"top 85%\",\r\n\t\t\t\t\tend: \"top 100%\",\r\n\t\t\t\t\tonComplete: function () {\r\n\t\t\t\t\tjQuery(textInstance).removeClass(\"skew-up\");\r\n\t\t\t\t\t}\r\n\t\t\t\t}\r\n\t\t\t\t});    tl.set(textInstance, { opacity: 1 }).from(word, {\r\n\t\t\t\ty: \"100%\",\r\n\t\t\t\tskewX: \"-5\",\r\n\t\t\t\tduration: 2,\r\n\t\t\t\tstagger: 0.03,\r\n\t\t\t\tease: \"expo.out\"\r\n\t\t\t\t});\r\n\t\t\t});\r\n\t\t\t};addAnimation();window.addEventListener(\"resize\", function (event) {\r\n\t\t\t\tif (jQuery(window).width() >= 992) {addAnimation(); }\r\n\t\t\t});\r\n\t\t});\r\n   \r\n\t\t<\/script>\r\n\t\t\t\t<\/div>\n\t\t\t\t<\/div>\n\t\t\t\t<\/div>\n\t\t\t\t\t<\/div>\n\t\t\t\t<\/div>\n\t\t<div class=\"elementor-element elementor-element-ee9a2da e-flex e-con-boxed rt-default-class e-con e-parent\" data-id=\"ee9a2da\" data-element_type=\"container\" data-e-type=\"container\">\n\t\t\t\t\t<div class=\"e-con-inner\">\n\t\t<div class=\"elementor-element elementor-element-dcc4a7d e-con-full projects-list e-flex rt-default-class elementor-invisible e-con e-child\" data-id=\"dcc4a7d\" data-element_type=\"container\" data-e-type=\"container\" data-settings=\"{&quot;animation&quot;:&quot;fadeIn&quot;}\">\n\t\t\t\t<div class=\"elementor-element elementor-element-b77883a elementor-widget__width-initial hover-translate-y rt-default-class elementor-widget elementor-widget-rt-service-grid\" data-id=\"b77883a\" data-element_type=\"widget\" data-e-type=\"widget\" data-widget_type=\"rt-service-grid.default\">\n\t\t\t\t<div class=\"elementor-widget-container\">\n\t\t\t\t\t\r\n\t\t\r\n\r\n\r\n\t\t\r\n\r\n\t\t\r\n\r\n\t\t\r\n\r\n\t\t\r\n\r\n\t\t\r\n\t\t\r\n\t\t\t<div class=\"single-service-start\">\r\n\t\t\t\t<div class=\"image-area\">\r\n\t\t\t\t\t\t\t\t\t\t\t<a href=\"\/en\/projets\/panneaux-solaires\/\" class=\"thumbnail\">\r\n\t\t\t\t\t\t\t<img title=\"Luxeau energie panneau-photovoltaique-scaled Projets  \"decoding=\"async\" data-src=\"https:\/\/luxeauenergie.lu\/wp-content\/uploads\/2025\/09\/panneau-photovoltaique-scaled.jpeg\" alt=\"Luxeau energie panneau-photovoltaique-scaled Projets  \u00e9nergie renouvelable luxeau energie\" src=\"data:image\/svg+xml;base64,PHN2ZyB3aWR0aD0iMSIgaGVpZ2h0PSIxIiB4bWxucz0iaHR0cDovL3d3dy53My5vcmcvMjAwMC9zdmciPjwvc3ZnPg==\" class=\"lazyload\" style=\"--smush-placeholder-width: 2560px; --smush-placeholder-aspect-ratio: 2560\/1920;\">\r\n\t\t\t\t\t\t<\/a>\r\n\t\t\t\t\t\t\t\t\t\t<div class=\"icon\">\r\n\t\t\t\t\t\t\t\t\t\t\t\t\t\t\t\t\t\t\t\t\t\t\t\t<\/div>\r\n\t\t\t\t<\/div>\r\n\t\t\t\t<div class=\"inner-content\">\r\n\t\t\t\t\t<a href=\"\/en\/projets\/panneaux-solaires\/\">\r\n\t\t\t\t\t\t\t\t\t\t\t\t\t<h5 class=\"title\">solar panels<\/h5>\r\n\t\t\t\t\t\t\t\t\t\t\t<\/a>\r\n\t\t\t\t\t<p class=\"disc\">\r\n\t\t\t\t\t\t\t\t\t\t\t\t\tOur project aims to revolutionise energy supply by offering a sustainable and environmentally friendly solution...\t\t\t\t\t\t\t\t\t\t\t<\/p>\r\n\t\t\t\t\t\t\t\t\t\t<a href=\"\/en\/projets\/panneaux-solaires\/\" class=\"rts-btn btn-primary\">Find Out More \t\t\t\t\t\t<i aria-hidden=\"true\" class=\"fa fa-arrow-right\"><\/i>\t\t\t\t\t<\/a>\r\n\t\t\t\t\t\t\t\t\t<\/div>\r\n\t\t\t<\/div>\r\n\r\n\t\t\r\n\r\n\t\t\r\n\r\n\t\t\r\n\t\t\r\n\t\t\t\t<\/div>\n\t\t\t\t<\/div>\n\t\t\t\t<div class=\"elementor-element elementor-element-a97a4d8 elementor-widget__width-initial hover-translate-y rt-default-class elementor-widget elementor-widget-rt-service-grid\" data-id=\"a97a4d8\" data-element_type=\"widget\" data-e-type=\"widget\" data-widget_type=\"rt-service-grid.default\">\n\t\t\t\t<div class=\"elementor-widget-container\">\n\t\t\t\t\t\r\n\t\t\r\n\r\n\r\n\t\t\r\n\r\n\t\t\r\n\r\n\t\t\r\n\r\n\t\t\r\n\r\n\t\t\r\n\t\t\r\n\t\t\t<div class=\"single-service-start\">\r\n\t\t\t\t<div class=\"image-area\">\r\n\t\t\t\t\t\t\t\t\t\t\t<a href=\"\/en\/projets\/chauffe-eau-thermodynamique\/\" class=\"thumbnail\">\r\n\t\t\t\t\t\t\t<img title=\"Luxeau energie Pompe-a-chaleur Projets  \"decoding=\"async\" data-src=\"https:\/\/luxeauenergie.lu\/wp-content\/uploads\/2025\/09\/Pompe-a-chaleur.jpeg\" alt=\"Luxeau energie Pompe-a-chaleur Projets  \u00e9nergie renouvelable luxeau energie\" src=\"data:image\/svg+xml;base64,PHN2ZyB3aWR0aD0iMSIgaGVpZ2h0PSIxIiB4bWxucz0iaHR0cDovL3d3dy53My5vcmcvMjAwMC9zdmciPjwvc3ZnPg==\" class=\"lazyload\" style=\"--smush-placeholder-width: 1200px; --smush-placeholder-aspect-ratio: 1200\/1600;\">\r\n\t\t\t\t\t\t<\/a>\r\n\t\t\t\t\t\t\t\t\t\t<div class=\"icon\">\r\n\t\t\t\t\t\t\t\t\t\t\t\t\t\t\t\t\t\t\t\t\t\t\t\t<\/div>\r\n\t\t\t\t<\/div>\r\n\t\t\t\t<div class=\"inner-content\">\r\n\t\t\t\t\t<a href=\"\/en\/projets\/chauffe-eau-thermodynamique\/\">\r\n\t\t\t\t\t\t\t\t\t\t\t\t\t<h5 class=\"title\">thermodynamic water heater<\/h5>\r\n\t\t\t\t\t\t\t\t\t\t\t<\/a>\r\n\t\t\t\t\t<p class=\"disc\">\r\n\t\t\t\t\t\t\t\t\t\t\t\t\tWith our thermodynamic water heater project, Luxeau \u00c9nergie offers an innovative solution...\t\t\t\t\t\t\t\t\t\t\t<\/p>\r\n\t\t\t\t\t\t\t\t\t\t<a href=\"\/en\/projets\/chauffe-eau-thermodynamique\/\" class=\"rts-btn btn-primary\">Find Out More \t\t\t\t\t\t<i aria-hidden=\"true\" class=\"fa fa-arrow-right\"><\/i>\t\t\t\t\t<\/a>\r\n\t\t\t\t\t\t\t\t\t<\/div>\r\n\t\t\t<\/div>\r\n\r\n\t\t\r\n\r\n\t\t\r\n\r\n\t\t\r\n\t\t\r\n\t\t\t\t<\/div>\n\t\t\t\t<\/div>\n\t\t\t\t<div class=\"elementor-element elementor-element-372b065 elementor-widget__width-initial hover-translate-y rt-default-class elementor-widget elementor-widget-rt-service-grid\" data-id=\"372b065\" data-element_type=\"widget\" data-e-type=\"widget\" data-widget_type=\"rt-service-grid.default\">\n\t\t\t\t<div class=\"elementor-widget-container\">\n\t\t\t\t\t\r\n\t\t\r\n\r\n\r\n\t\t\r\n\r\n\t\t\r\n\r\n\t\t\r\n\r\n\t\t\r\n\r\n\t\t\r\n\t\t\r\n\t\t\t<div class=\"single-service-start\">\r\n\t\t\t\t<div class=\"image-area\">\r\n\t\t\t\t\t\t\t\t\t\t\t<a href=\"\/en\/projets\/pompe-a-chaleur-air-eau\/\" class=\"thumbnail\">\r\n\t\t\t\t\t\t\t<img title=\"Luxeau energie Pompe-a-chaleur-air-eau Projets  \"decoding=\"async\" data-src=\"https:\/\/luxeauenergie.lu\/wp-content\/uploads\/2025\/10\/Pompe-a-chaleur-air-eau.jpeg\" alt=\"Luxeau energie Pompe-a-chaleur-air-eau Projets  \u00e9nergie renouvelable luxeau energie\" src=\"data:image\/svg+xml;base64,PHN2ZyB3aWR0aD0iMSIgaGVpZ2h0PSIxIiB4bWxucz0iaHR0cDovL3d3dy53My5vcmcvMjAwMC9zdmciPjwvc3ZnPg==\" class=\"lazyload\" style=\"--smush-placeholder-width: 655px; --smush-placeholder-aspect-ratio: 655\/1200;\">\r\n\t\t\t\t\t\t<\/a>\r\n\t\t\t\t\t\t\t\t\t\t<div class=\"icon\">\r\n\t\t\t\t\t\t\t\t\t\t\t\t\t\t\t\t\t\t\t\t\t\t\t\t<\/div>\r\n\t\t\t\t<\/div>\r\n\t\t\t\t<div class=\"inner-content\">\r\n\t\t\t\t\t<a href=\"\/en\/projets\/pompe-a-chaleur-air-eau\/\">\r\n\t\t\t\t\t\t\t\t\t\t\t\t\t<h5 class=\"title\">Air-to-water heat pump<\/h5>\r\n\t\t\t\t\t\t\t\t\t\t\t<\/a>\r\n\t\t\t\t\t<p class=\"disc\">\r\n\t\t\t\t\t\t\t\t\t\t\t\t\tOur project aims to democratise the use of heat pumps, which are smart systems that enable...\t\t\t\t\t\t\t\t\t\t\t<\/p>\r\n\t\t\t\t\t\t\t\t\t\t<a href=\"\/en\/projets\/pompe-a-chaleur-air-eau\/\" class=\"rts-btn btn-primary\">Find Out More \t\t\t\t\t\t<i aria-hidden=\"true\" class=\"fa fa-arrow-right\"><\/i>\t\t\t\t\t<\/a>\r\n\t\t\t\t\t\t\t\t\t<\/div>\r\n\t\t\t<\/div>\r\n\r\n\t\t\r\n\r\n\t\t\r\n\r\n\t\t\r\n\t\t\r\n\t\t\t\t<\/div>\n\t\t\t\t<\/div>\n\t\t\t\t<div class=\"elementor-element elementor-element-5b4e548 elementor-widget__width-initial hover-translate-y rt-default-class elementor-widget elementor-widget-rt-service-grid\" data-id=\"5b4e548\" data-element_type=\"widget\" data-e-type=\"widget\" data-widget_type=\"rt-service-grid.default\">\n\t\t\t\t<div class=\"elementor-widget-container\">\n\t\t\t\t\t\r\n\t\t\r\n\r\n\r\n\t\t\r\n\r\n\t\t\r\n\r\n\t\t\r\n\r\n\t\t\r\n\r\n\t\t\r\n\t\t\r\n\t\t\t<div class=\"single-service-start\">\r\n\t\t\t\t<div class=\"image-area\">\r\n\t\t\t\t\t\t\t\t\t\t\t<a href=\"\/en\/projets\/isolation-facade\/\" class=\"thumbnail\">\r\n\t\t\t\t\t\t\t<img title=\"Luxeau energie Isolation-facade Projets  \"decoding=\"async\" data-src=\"https:\/\/luxeauenergie.lu\/wp-content\/uploads\/2025\/09\/Isolation-facade.jpeg\" alt=\"Luxeau energie Isolation-facade Projets  \u00e9nergie renouvelable luxeau energie\" src=\"data:image\/svg+xml;base64,PHN2ZyB3aWR0aD0iMSIgaGVpZ2h0PSIxIiB4bWxucz0iaHR0cDovL3d3dy53My5vcmcvMjAwMC9zdmciPjwvc3ZnPg==\" class=\"lazyload\" style=\"--smush-placeholder-width: 1200px; --smush-placeholder-aspect-ratio: 1200\/1600;\">\r\n\t\t\t\t\t\t<\/a>\r\n\t\t\t\t\t\t\t\t\t\t<div class=\"icon\">\r\n\t\t\t\t\t\t\t\t\t\t\t\t\t\t\t\t\t\t\t\t\t\t\t\t<\/div>\r\n\t\t\t\t<\/div>\r\n\t\t\t\t<div class=\"inner-content\">\r\n\t\t\t\t\t<a href=\"\/en\/projets\/isolation-facade\/\">\r\n\t\t\t\t\t\t\t\t\t\t\t\t\t<h5 class=\"title\">Facade insulation<\/h5>\r\n\t\t\t\t\t\t\t\t\t\t\t<\/a>\r\n\t\t\t\t\t<p class=\"disc\">\r\n\t\t\t\t\t\t\t\t\t\t\t\t\tGive your home a new lease of life while reducing your bills! With fa\u00e7ade insulation, you gain comfort in both winter and summer...\t\t\t\t\t\t\t\t\t\t\t<\/p>\r\n\t\t\t\t\t\t\t\t\t\t<a href=\"\/en\/projets\/isolation-facade\/\" class=\"rts-btn btn-primary\">Find Out More \t\t\t\t\t\t<i aria-hidden=\"true\" class=\"fa fa-arrow-right\"><\/i>\t\t\t\t\t<\/a>\r\n\t\t\t\t\t\t\t\t\t<\/div>\r\n\t\t\t<\/div>\r\n\r\n\t\t\r\n\r\n\t\t\r\n\r\n\t\t\r\n\t\t\r\n\t\t\t\t<\/div>\n\t\t\t\t<\/div>\n\t\t\t\t<\/div>\n\t\t\t\t\t<\/div>\n\t\t\t\t<\/div>\n\t\t\t\t<section class=\"elementor-section elementor-top-section elementor-element elementor-element-23e05e3 elementor-section-stretched elementor-section-content-middle footer-info elementor-section-boxed elementor-section-height-default elementor-section-height-default rt-default-class\" data-id=\"23e05e3\" data-element_type=\"section\" data-e-type=\"section\" data-settings=\"{&quot;stretch_section&quot;:&quot;section-stretched&quot;,&quot;background_background&quot;:&quot;classic&quot;}\">\n\t\t\t\t\t\t\t<div class=\"elementor-background-overlay\"><\/div>\n\t\t\t\t\t\t\t<div class=\"elementor-container elementor-column-gap-default\">\n\t\t\t\t\t<div class=\"elementor-column elementor-col-100 elementor-top-column elementor-element elementor-element-a7bfde8 rt-default-class\" data-id=\"a7bfde8\" data-element_type=\"column\" data-e-type=\"column\">\n\t\t\t<div class=\"elementor-widget-wrap elementor-element-populated\">\n\t\t\t\t<div class=\"elementor-element elementor-element-cd3ad49 e-flex e-con-boxed rt-default-class e-con e-parent\" data-id=\"cd3ad49\" data-element_type=\"container\" data-e-type=\"container\">\n\t\t\t\t\t<div class=\"e-con-inner\">\n\t\t<div class=\"elementor-element elementor-element-742ae83 e-con-full e-flex rt-default-class e-con e-child\" data-id=\"742ae83\" data-element_type=\"container\" data-e-type=\"container\">\n\t\t\t\t<div class=\"elementor-element elementor-element-0aa71ac rt-default-class elementor-widget elementor-widget-react-heading\" data-id=\"0aa71ac\" data-element_type=\"widget\" data-e-type=\"widget\" data-widget_type=\"react-heading.default\">\n\t\t\t\t<div class=\"elementor-widget-container\">\n\t\t\t\t\t\r\n\t\t<div class=\"react-heading default  title-border-no\">\r\n\t\t\t<div class=\"title-inner no\">\r\n\t\t\t\t<div class=\"skew-up\"><h2 class=\"title word-line\">Switch to solar energy with <b class=\"luxeau\">confidence<\/b><\/h2><\/div>\t\t\t<\/div>\r\n\t\t\t\t\t\t\t\t\t\t<div class=\"description\">\r\n\t\t\t\t\tBy choosing Luxeau Energy, you are choosing a local, committed and reliable partner.<br>\nfor whom your satisfaction is the greatest reward.\t\t\t\t<\/div>\r\n\t\t\t\r\n\t\t\t\t\t<\/div>\r\n\t\t\r\n\t\t<script>\r\n\t\t\tjQuery(document).ready(function(){\r\n\t\t\tlet addAnimation = function () {\r\n\t\t\tjQuery(\".skew-up\").each(function (index) {\r\n\t\t\t\tconst text = new SplitType(jQuery(this), {\r\n\t\t\t\ttypes: \"lines, words\",\r\n\t\t\t\tlineClass: \"word-line\"\r\n\t\t\t\t});    let textInstance = jQuery(this);\r\n\t\t\t\tlet line = textInstance.find(\".word-line\");\r\n\t\t\t\tlet word = line.find(\".word\");    let tl = gsap.timeline({\r\n\t\t\t\tscrollTrigger: {\r\n\t\t\t\t\ttrigger: textInstance,\r\n\t\t\t\t\tstart: \"top 85%\",\r\n\t\t\t\t\tend: \"top 100%\",\r\n\t\t\t\t\tonComplete: function () {\r\n\t\t\t\t\tjQuery(textInstance).removeClass(\"skew-up\");\r\n\t\t\t\t\t}\r\n\t\t\t\t}\r\n\t\t\t\t});    tl.set(textInstance, { opacity: 1 }).from(word, {\r\n\t\t\t\ty: \"100%\",\r\n\t\t\t\tskewX: \"-5\",\r\n\t\t\t\tduration: 2,\r\n\t\t\t\tstagger: 0.03,\r\n\t\t\t\tease: \"expo.out\"\r\n\t\t\t\t});\r\n\t\t\t});\r\n\t\t\t};addAnimation();window.addEventListener(\"resize\", function (event) {\r\n\t\t\t\tif (jQuery(window).width() >= 992) {addAnimation(); }\r\n\t\t\t});\r\n\t\t});\r\n   \r\n\t\t<\/script>\r\n\t\t\t\t<\/div>\n\t\t\t\t<\/div>\n\t\t\t\t<\/div>\n\t\t<div class=\"elementor-element elementor-element-758bf1a e-con-full e-flex rt-default-class e-con e-child\" data-id=\"758bf1a\" data-element_type=\"container\" data-e-type=\"container\">\n\t\t\t\t<div class=\"elementor-element elementor-element-c5861b7 elementor-widget__width-auto rt-default-class elementor-widget elementor-widget-react-button\" data-id=\"c5861b7\" data-element_type=\"widget\" data-e-type=\"widget\" data-widget_type=\"react-button.default\">\n\t\t\t\t<div class=\"elementor-widget-container\">\n\t\t\t\t\t\t\r\n\t\t\t\t\t<div class=\"react-button primary_btn\">\r\n\t\t\t\t\t\t\t\t<a class=\"react_button\" href=\"#\" >\t\t\t\t\r\n\t\t\t\t\r\n\t\t\t\t   \t\t\t\t\t\t<svg aria-hidden=\"true\" class=\"e-font-icon-svg e-fas-calculator\" viewbox=\"0 0 448 512\" xmlns=\"http:\/\/www.w3.org\/2000\/svg\"><path d=\"M400 0H48C22.4 0 0 22.4 0 48v416c0 25.6 22.4 48 48 48h352c25.6 0 48-22.4 48-48V48c0-25.6-22.4-48-48-48zM128 435.2c0 6.4-6.4 12.8-12.8 12.8H76.8c-6.4 0-12.8-6.4-12.8-12.8v-38.4c0-6.4 6.4-12.8 12.8-12.8h38.4c6.4 0 12.8 6.4 12.8 12.8v38.4zm0-128c0 6.4-6.4 12.8-12.8 12.8H76.8c-6.4 0-12.8-6.4-12.8-12.8v-38.4c0-6.4 6.4-12.8 12.8-12.8h38.4c6.4 0 12.8 6.4 12.8 12.8v38.4zm128 128c0 6.4-6.4 12.8-12.8 12.8h-38.4c-6.4 0-12.8-6.4-12.8-12.8v-38.4c0-6.4 6.4-12.8 12.8-12.8h38.4c6.4 0 12.8 6.4 12.8 12.8v38.4zm0-128c0 6.4-6.4 12.8-12.8 12.8h-38.4c-6.4 0-12.8-6.4-12.8-12.8v-38.4c0-6.4 6.4-12.8 12.8-12.8h38.4c6.4 0 12.8 6.4 12.8 12.8v38.4zm128 128c0 6.4-6.4 12.8-12.8 12.8h-38.4c-6.4 0-12.8-6.4-12.8-12.8V268.8c0-6.4 6.4-12.8 12.8-12.8h38.4c6.4 0 12.8 6.4 12.8 12.8v166.4zm0-256c0 6.4-6.4 12.8-12.8 12.8H76.8c-6.4 0-12.8-6.4-12.8-12.8V76.8C64 70.4 70.4 64 76.8 64h294.4c6.4 0 12.8 6.4 12.8 12.8v102.4z\"><\/path><\/svg>\t\t\t\t\r\n\t\t\t\t\t\t\r\n\r\n\t\t\t\t<span class=\"btn_text\">Free Study<\/span>\r\n\r\n\t\t\t\t\t\t\t\t\t<\/a>\r\n\t\t\t<\/div>\r\n\t\t\r\n\t\t\t\t\t<\/div>\n\t\t\t\t<\/div>\n\t\t\t\t<div class=\"elementor-element elementor-element-74d37d8 elementor-widget__width-auto rt-default-class elementor-widget elementor-widget-react-button\" data-id=\"74d37d8\" data-element_type=\"widget\" data-e-type=\"widget\" data-widget_type=\"react-button.default\">\n\t\t\t\t<div class=\"elementor-widget-container\">\n\t\t\t\t\t\t\r\n\t\t\t\t\t<div class=\"react-button secondary_btn\">\r\n\t\t\t\t\t\t\t\t<a class=\"react_button\" href=\"tel:+35220225250\" >\t\t\t\t\r\n\t\t\t\t\r\n\t\t\t\t   \t\t\t\t\t\t<svg aria-hidden=\"true\" class=\"e-font-icon-svg e-fas-phone-alt\" viewbox=\"0 0 512 512\" xmlns=\"http:\/\/www.w3.org\/2000\/svg\"><path d=\"M497.39 361.8l-112-48a24 24 0 0 0-28 6.9l-49.6 60.6A370.66 370.66 0 0 1 130.6 204.11l60.6-49.6a23.94 23.94 0 0 0 6.9-28l-48-112A24.16 24.16 0 0 0 122.6.61l-104 24A24 24 0 0 0 0 48c0 256.5 207.9 464 464 464a24 24 0 0 0 23.4-18.6l24-104a24.29 24.29 0 0 0-14.01-27.6z\"><\/path><\/svg>\t\t\t\t\r\n\t\t\t\t\t\t\r\n\r\n\t\t\t\t<span class=\"btn_text\">Contact Us<\/span>\r\n\r\n\t\t\t\t\t\t\t\t\t<\/a>\r\n\t\t\t<\/div>\r\n\t\t\r\n\t\t\t\t\t<\/div>\n\t\t\t\t<\/div>\n\t\t\t\t<\/div>\n\t\t\t\t\t<\/div>\n\t\t\t\t<\/div>\n\t\t\t\t\t<\/div>\n\t\t<\/div>\n\t\t\t\t\t<\/div>\n\t\t<\/section>\n\t\t\t\t<\/div>","protected":false},"excerpt":{"rendered":"<p>Les Projets Luxeau Energie panneaux solaire Notre projet vise \u00e0 r\u00e9volutionner l\u2019approvisionnement en \u00e9nergie en proposant une solution durable et respectueuse de l\u2019environnement &#8230; En Savoir Plus chauffe-eau thermodynamique Avec notre projet de chauffe-eau thermodynamique, Luxeau \u00c9nergie propose une solution innovante &#8230; En Savoir Plus Pompe \u00e0 chaleur air eau Notre projet vise \u00e0 d\u00e9mocratiser&#8230;<\/p>","protected":false},"author":2,"featured_media":0,"parent":0,"menu_order":0,"comment_status":"closed","ping_status":"closed","template":"elementor_header_footer","meta":{"_monsterinsights_skip_tracking":false,"_monsterinsights_sitenote_active":false,"_monsterinsights_sitenote_note":"","_monsterinsights_sitenote_category":0,"footnotes":""},"class_list":["post-1855","page","type-page","status-publish","hentry"],"_links":{"self":[{"href":"https:\/\/luxeauenergie.lu\/en\/wp-json\/wp\/v2\/pages\/1855","targetHints":{"allow":["GET"]}}],"collection":[{"href":"https:\/\/luxeauenergie.lu\/en\/wp-json\/wp\/v2\/pages"}],"about":[{"href":"https:\/\/luxeauenergie.lu\/en\/wp-json\/wp\/v2\/types\/page"}],"author":[{"embeddable":true,"href":"https:\/\/luxeauenergie.lu\/en\/wp-json\/wp\/v2\/users\/2"}],"replies":[{"embeddable":true,"href":"https:\/\/luxeauenergie.lu\/en\/wp-json\/wp\/v2\/comments?post=1855"}],"version-history":[{"count":73,"href":"https:\/\/luxeauenergie.lu\/en\/wp-json\/wp\/v2\/pages\/1855\/revisions"}],"predecessor-version":[{"id":13314,"href":"https:\/\/luxeauenergie.lu\/en\/wp-json\/wp\/v2\/pages\/1855\/revisions\/13314"}],"wp:attachment":[{"href":"https:\/\/luxeauenergie.lu\/en\/wp-json\/wp\/v2\/media?parent=1855"}],"curies":[{"name":"wp","href":"https:\/\/api.w.org\/{rel}","templated":true}]}}