{"id":12848,"date":"2025-10-08T19:03:33","date_gmt":"2025-10-08T19:03:33","guid":{"rendered":"https:\/\/luxeauenergie.lu\/?page_id=12848"},"modified":"2025-10-11T17:59:10","modified_gmt":"2025-10-11T17:59:10","slug":"pompe-a-chaleur-air-eau","status":"publish","type":"page","link":"https:\/\/luxeauenergie.lu\/en\/projets\/pompe-a-chaleur-air-eau\/","title":{"rendered":"Air-to-Water Heat Pump"},"content":{"rendered":"<div data-elementor-type=\"wp-page\" data-elementor-id=\"12848\" class=\"elementor elementor-12848\">\n\t\t\t\t<div class=\"elementor-element elementor-element-5492f2d e-con-full e-flex rt-default-class e-con e-parent\" data-id=\"5492f2d\" data-element_type=\"container\" data-e-type=\"container\" data-settings=\"{&quot;background_background&quot;:&quot;classic&quot;}\">\n\t\t<div class=\"elementor-element elementor-element-6500507 e-con-full e-flex rt-default-class e-con e-child\" data-id=\"6500507\" data-element_type=\"container\" data-e-type=\"container\">\n\t\t<div class=\"elementor-element elementor-element-9b75835 e-con-full e-flex rt-default-class e-con e-child\" data-id=\"9b75835\" data-element_type=\"container\" data-e-type=\"container\" data-settings=\"{&quot;background_background&quot;:&quot;classic&quot;}\">\n\t\t\t\t<div class=\"elementor-element elementor-element-c2a1b67 rt-default-class elementor-widget elementor-widget-react-heading\" data-id=\"c2a1b67\" data-element_type=\"widget\" data-e-type=\"widget\" data-widget_type=\"react-heading.default\">\n\t\t\t\t<div class=\"elementor-widget-container\">\n\t\t\t\t\t\r\n\t\t<div class=\"react-heading style9  title-border-\">\r\n\t\t\t<div class=\"title-inner no\">\r\n\t\t\t\t<div class=\"image-heading\"><div class=\"title-img top\"> <img title=\"Luxeau energie 03-3 Pompe \u00e0 Chaleur Air Eau  \"decoding=\"async\" data-src=\"https:\/\/luxeauenergie.lu\/wp-content\/uploads\/2025\/09\/03-3.png\" alt=\"Luxeau energie 03-3 Pompe \u00e0 Chaleur Air Eau  \u00e9nergie renouvelable luxeau energie\" src=\"data:image\/svg+xml;base64,PHN2ZyB3aWR0aD0iMSIgaGVpZ2h0PSIxIiB4bWxucz0iaHR0cDovL3d3dy53My5vcmcvMjAwMC9zdmciPjwvc3ZnPg==\" class=\"lazyload\" style=\"--smush-placeholder-width: 43px; --smush-placeholder-aspect-ratio: 43\/7;\" \/><\/div><div class=\"\"><span class=\"sub-text word-line\">Project<\/span><\/div><\/div><div class=\"\"><h1 class=\"title word-line\">Air-to-water heat pump<\/h1><\/div>\t\t\t<\/div>\r\n\t\t\t\t\t\t\t\t\t\t<div class=\"description\">\r\n\t\t\t\t\t<p>Our project aims to democratise the use of heat pumps, which are smart systems that generate heat or cooling from a renewable energy source. By choosing this technology, you are not only helping to reduce your environmental footprint, but also making substantial savings on your energy bills.<\/p>\t\t\t\t<\/div>\r\n\t\t\t\r\n\t\t\t\t\t<\/div>\r\n\t\t\r\n\t\t<script>\r\n\t\t\tjQuery(document).ready(function(){\r\n\t\t\tlet addAnimation = function () {\r\n\t\t\tjQuery(\".skew-up\").each(function (index) {\r\n\t\t\t\tconst text = new SplitType(jQuery(this), {\r\n\t\t\t\ttypes: \"lines, words\",\r\n\t\t\t\tlineClass: \"word-line\"\r\n\t\t\t\t});    let textInstance = jQuery(this);\r\n\t\t\t\tlet line = textInstance.find(\".word-line\");\r\n\t\t\t\tlet word = line.find(\".word\");    let tl = gsap.timeline({\r\n\t\t\t\tscrollTrigger: {\r\n\t\t\t\t\ttrigger: textInstance,\r\n\t\t\t\t\tstart: \"top 85%\",\r\n\t\t\t\t\tend: \"top 100%\",\r\n\t\t\t\t\tonComplete: function () {\r\n\t\t\t\t\tjQuery(textInstance).removeClass(\"skew-up\");\r\n\t\t\t\t\t}\r\n\t\t\t\t}\r\n\t\t\t\t});    tl.set(textInstance, { opacity: 1 }).from(word, {\r\n\t\t\t\ty: \"100%\",\r\n\t\t\t\tskewX: \"-5\",\r\n\t\t\t\tduration: 2,\r\n\t\t\t\tstagger: 0.03,\r\n\t\t\t\tease: \"expo.out\"\r\n\t\t\t\t});\r\n\t\t\t});\r\n\t\t\t};addAnimation();window.addEventListener(\"resize\", function (event) {\r\n\t\t\t\tif (jQuery(window).width() >= 992) {addAnimation(); }\r\n\t\t\t});\r\n\t\t});\r\n   \r\n\t\t<\/script>\r\n\t\t\t\t<\/div>\n\t\t\t\t<\/div>\n\t\t\t\t<\/div>\n\t\t<div class=\"elementor-element elementor-element-a83931e e-con-full elementor-hidden-tablet elementor-hidden-mobile e-flex rt-default-class e-con e-child\" data-id=\"a83931e\" data-element_type=\"container\" data-e-type=\"container\" data-settings=\"{&quot;background_background&quot;:&quot;classic&quot;}\">\n\t\t\t\t<\/div>\n\t\t\t\t<\/div>\n\t\t\t\t<\/div>\n\t\t\t\t<section class=\"elementor-section elementor-top-section elementor-element elementor-element-c9afbf4 elementor-section-boxed elementor-section-height-default elementor-section-height-default rt-default-class\" data-id=\"c9afbf4\" data-element_type=\"section\" data-e-type=\"section\">\n\t\t\t\t\t\t<div class=\"elementor-container elementor-column-gap-default\">\n\t\t\t\t\t<div class=\"elementor-column elementor-col-100 elementor-top-column elementor-element elementor-element-f725e2b rt-default-class\" data-id=\"f725e2b\" data-element_type=\"column\" data-e-type=\"column\">\n\t\t\t<div class=\"elementor-widget-wrap elementor-element-populated\">\n\t\t\t\t\t\t<div class=\"elementor-element elementor-element-e5ced7b elementor-widget__width-inherit rt-default-class elementor-widget elementor-widget-ucaddon_uc_tiles_grid_image\" data-id=\"e5ced7b\" data-element_type=\"widget\" data-e-type=\"widget\" data-widget_type=\"ucaddon_uc_tiles_grid_image.default\">\n\t\t\t\t<div class=\"elementor-widget-container\">\n\t\t\t\t\t\n<!-- start Tile Gallery -->\n\t\t<link id='font-awesome-css' href='https:\/\/luxeauenergie.lu\/wp-content\/plugins\/unlimited-elements-for-elementor\/assets_libraries\/font-awesome6\/fontawesome-all.min.css' type='text\/css' rel='stylesheet' >\n\t\t<link id='font-awesome-4-shim-css' href='https:\/\/luxeauenergie.lu\/wp-content\/plugins\/unlimited-elements-for-elementor\/assets_libraries\/font-awesome6\/fontawesome-v4-shims.min.css' type='text\/css' rel='stylesheet' >\n\t\t<link id='unitegallery-css' href='https:\/\/luxeauenergie.lu\/wp-content\/plugins\/unlimited-elements-for-elementor\/assets_libraries\/unitegallery\/css\/unite-gallery.css' type='text\/css' rel='stylesheet' >\n\n<style>\/* widget: Tile Gallery *\/\n\n#uc_uc_tiles_grid_image_elementor_e5ced7b-wrapper{\n  min-height: 1px;\n}\n\n#uc_uc_tiles_grid_image_elementor_e5ced7b{\n  margin:0 auto;\n  direction:ltr;\n  display: none;\n}\n\n\n\n<\/style>\n\n<div id=\"uc_uc_tiles_grid_image_elementor_e5ced7b-wrapper\">\n  <div id=\"uc_uc_tiles_grid_image_elementor_e5ced7b\" class=\"uc-items-wrapper\" data-custom-sethtml=\"true\" >\n    \n<img decoding=\"async\" alt=\"Luxeau energie  Pompe \u00e0 Chaleur Air Eau  \u00e9nergie renouvelable luxeau energie\"\n   data-src=\"https:\/\/luxeauenergie.lu\/wp-content\/uploads\/2025\/10\/Pompe-a-chaleur-air-eau-1.jpeg\"\n    data-image=\"https:\/\/luxeauenergie.lu\/wp-content\/uploads\/2025\/10\/Pompe-a-chaleur-air-eau-1-515x1024.jpeg\"\n    data-title=\"Luxeau energie  Pompe \u00e0 Chaleur Air Eau  \"\n    data-description=\"Pompe \u00e0 chaleur air eau 1\" src=\"data:image\/svg+xml;base64,PHN2ZyB3aWR0aD0iMSIgaGVpZ2h0PSIxIiB4bWxucz0iaHR0cDovL3d3dy53My5vcmcvMjAwMC9zdmciPjwvc3ZnPg==\" class=\"lazyload\" style=\"--smush-placeholder-width: 604px; --smush-placeholder-aspect-ratio: 604\/1200;\">\n\n<img decoding=\"async\" alt=\"Luxeau energie  Pompe \u00e0 Chaleur Air Eau  \u00e9nergie renouvelable luxeau energie\"\n   data-src=\"https:\/\/luxeauenergie.lu\/wp-content\/uploads\/2025\/10\/Pompe-a-chaleur-air-eau.jpeg\"\n    data-image=\"https:\/\/luxeauenergie.lu\/wp-content\/uploads\/2025\/10\/Pompe-a-chaleur-air-eau-559x1024.jpeg\"\n    data-title=\"Luxeau energie  Pompe \u00e0 Chaleur Air Eau  \" src=\"data:image\/svg+xml;base64,PHN2ZyB3aWR0aD0iMSIgaGVpZ2h0PSIxIiB4bWxucz0iaHR0cDovL3d3dy53My5vcmcvMjAwMC9zdmciPjwvc3ZnPg==\" class=\"lazyload\" style=\"--smush-placeholder-width: 655px; --smush-placeholder-aspect-ratio: 655\/1200;\">\n  \n  <\/div>\n<\/div>\n<!-- end Tile Gallery -->\t\t\t\t<\/div>\n\t\t\t\t<\/div>\n\t\t\t\t\t<\/div>\n\t\t<\/div>\n\t\t\t\t\t<\/div>\n\t\t<\/section>\n\t\t\t\t<\/div>","protected":false},"excerpt":{"rendered":"<p>Projet Pompe \u00e0 chaleur air eau Notre projet vise \u00e0 d\u00e9mocratiser l&#8217;utilisation des pompes \u00e0 chaleur, qui sont des syst\u00e8mes intelligents permettant de produire de la chaleur ou de la fra\u00eecheur \u00e0 partir d\u2019une source d\u2019\u00e9nergie renouvelable. En choisissant cette technologie, vous contribuez non seulement \u00e0 r\u00e9duire votre empreinte \u00e9cologique, mais \u00e9galement \u00e0 r\u00e9aliser des&#8230;<\/p>","protected":false},"author":2,"featured_media":11641,"parent":1855,"menu_order":0,"comment_status":"closed","ping_status":"closed","template":"elementor_header_footer","meta":{"_monsterinsights_skip_tracking":false,"_monsterinsights_sitenote_active":false,"_monsterinsights_sitenote_note":"","_monsterinsights_sitenote_category":0,"footnotes":""},"class_list":["post-12848","page","type-page","status-publish","has-post-thumbnail","hentry"],"_links":{"self":[{"href":"https:\/\/luxeauenergie.lu\/en\/wp-json\/wp\/v2\/pages\/12848","targetHints":{"allow":["GET"]}}],"collection":[{"href":"https:\/\/luxeauenergie.lu\/en\/wp-json\/wp\/v2\/pages"}],"about":[{"href":"https:\/\/luxeauenergie.lu\/en\/wp-json\/wp\/v2\/types\/page"}],"author":[{"embeddable":true,"href":"https:\/\/luxeauenergie.lu\/en\/wp-json\/wp\/v2\/users\/2"}],"replies":[{"embeddable":true,"href":"https:\/\/luxeauenergie.lu\/en\/wp-json\/wp\/v2\/comments?post=12848"}],"version-history":[{"count":14,"href":"https:\/\/luxeauenergie.lu\/en\/wp-json\/wp\/v2\/pages\/12848\/revisions"}],"predecessor-version":[{"id":12864,"href":"https:\/\/luxeauenergie.lu\/en\/wp-json\/wp\/v2\/pages\/12848\/revisions\/12864"}],"up":[{"embeddable":true,"href":"https:\/\/luxeauenergie.lu\/en\/wp-json\/wp\/v2\/pages\/1855"}],"wp:featuredmedia":[{"embeddable":true,"href":"https:\/\/luxeauenergie.lu\/en\/wp-json\/wp\/v2\/media\/11641"}],"wp:attachment":[{"href":"https:\/\/luxeauenergie.lu\/en\/wp-json\/wp\/v2\/media?parent=12848"}],"curies":[{"name":"wp","href":"https:\/\/api.w.org\/{rel}","templated":true}]}}