{"id":11659,"date":"2025-09-23T19:12:43","date_gmt":"2025-09-23T19:12:43","guid":{"rendered":"https:\/\/luxeauenergie.lu\/?page_id=11659"},"modified":"2025-10-11T17:23:13","modified_gmt":"2025-10-11T17:23:13","slug":"panneaux-solaires","status":"publish","type":"page","link":"https:\/\/luxeauenergie.lu\/en\/projets\/panneaux-solaires\/","title":{"rendered":"Solar Panels"},"content":{"rendered":"<div data-elementor-type=\"wp-page\" data-elementor-id=\"11659\" class=\"elementor elementor-11659\">\n\t\t\t\t<div class=\"elementor-element elementor-element-1ac1aea e-con-full e-flex rt-default-class e-con e-parent\" data-id=\"1ac1aea\" data-element_type=\"container\" data-e-type=\"container\" data-settings=\"{&quot;background_background&quot;:&quot;classic&quot;}\">\n\t\t<div class=\"elementor-element elementor-element-4889f23 e-con-full e-flex rt-default-class e-con e-child\" data-id=\"4889f23\" data-element_type=\"container\" data-e-type=\"container\">\n\t\t<div class=\"elementor-element elementor-element-a896c5f e-con-full e-flex rt-default-class e-con e-child\" data-id=\"a896c5f\" data-element_type=\"container\" data-e-type=\"container\" data-settings=\"{&quot;background_background&quot;:&quot;classic&quot;}\">\n\t\t\t\t<div class=\"elementor-element elementor-element-3076ada rt-default-class elementor-widget elementor-widget-react-heading\" data-id=\"3076ada\" data-element_type=\"widget\" data-e-type=\"widget\" data-widget_type=\"react-heading.default\">\n\t\t\t\t<div class=\"elementor-widget-container\">\n\t\t\t\t\t\r\n\t\t<div class=\"react-heading style9  title-border-\">\r\n\t\t\t<div class=\"title-inner no\">\r\n\t\t\t\t<div class=\"image-heading\"><div class=\"title-img top\"> <img title=\"Luxeau energie 03-3 Panneaux Solaires  \"decoding=\"async\" data-src=\"https:\/\/luxeauenergie.lu\/wp-content\/uploads\/2025\/09\/03-3.png\" alt=\"Luxeau energie 03-3 Panneaux Solaires  \u00e9nergie renouvelable luxeau energie\" src=\"data:image\/svg+xml;base64,PHN2ZyB3aWR0aD0iMSIgaGVpZ2h0PSIxIiB4bWxucz0iaHR0cDovL3d3dy53My5vcmcvMjAwMC9zdmciPjwvc3ZnPg==\" class=\"lazyload\" style=\"--smush-placeholder-width: 43px; --smush-placeholder-aspect-ratio: 43\/7;\" \/><\/div><div class=\"\"><span class=\"sub-text word-line\">Project<\/span><\/div><\/div><div class=\"\"><h1 class=\"title word-line\">Solar Panels<\/h1><\/div>\t\t\t<\/div>\r\n\t\t\t\t\t\t\t\t\t\t<div class=\"description\">\r\n\t\t\t\t\t<p>Our project aims to revolutionise energy supply by offering a sustainable and environmentally friendly solution: the installation of solar panels. We are committed to providing a reliable and economical energy alternative for individuals, businesses and communities, using solar energy to generate clean electricity and reduce carbon footprints.<\/p>\t\t\t\t<\/div>\r\n\t\t\t\r\n\t\t\t\t\t<\/div>\r\n\t\t\r\n\t\t<script>\r\n\t\t\tjQuery(document).ready(function(){\r\n\t\t\tlet addAnimation = function () {\r\n\t\t\tjQuery(\".skew-up\").each(function (index) {\r\n\t\t\t\tconst text = new SplitType(jQuery(this), {\r\n\t\t\t\ttypes: \"lines, words\",\r\n\t\t\t\tlineClass: \"word-line\"\r\n\t\t\t\t});    let textInstance = jQuery(this);\r\n\t\t\t\tlet line = textInstance.find(\".word-line\");\r\n\t\t\t\tlet word = line.find(\".word\");    let tl = gsap.timeline({\r\n\t\t\t\tscrollTrigger: {\r\n\t\t\t\t\ttrigger: textInstance,\r\n\t\t\t\t\tstart: \"top 85%\",\r\n\t\t\t\t\tend: \"top 100%\",\r\n\t\t\t\t\tonComplete: function () {\r\n\t\t\t\t\tjQuery(textInstance).removeClass(\"skew-up\");\r\n\t\t\t\t\t}\r\n\t\t\t\t}\r\n\t\t\t\t});    tl.set(textInstance, { opacity: 1 }).from(word, {\r\n\t\t\t\ty: \"100%\",\r\n\t\t\t\tskewX: \"-5\",\r\n\t\t\t\tduration: 2,\r\n\t\t\t\tstagger: 0.03,\r\n\t\t\t\tease: \"expo.out\"\r\n\t\t\t\t});\r\n\t\t\t});\r\n\t\t\t};addAnimation();window.addEventListener(\"resize\", function (event) {\r\n\t\t\t\tif (jQuery(window).width() >= 992) {addAnimation(); }\r\n\t\t\t});\r\n\t\t});\r\n   \r\n\t\t<\/script>\r\n\t\t\t\t<\/div>\n\t\t\t\t<\/div>\n\t\t\t\t<\/div>\n\t\t<div class=\"elementor-element elementor-element-7271a1d e-con-full elementor-hidden-tablet elementor-hidden-mobile e-flex rt-default-class e-con e-child\" data-id=\"7271a1d\" data-element_type=\"container\" data-e-type=\"container\" data-settings=\"{&quot;background_background&quot;:&quot;classic&quot;}\">\n\t\t\t\t<\/div>\n\t\t\t\t<\/div>\n\t\t\t\t<\/div>\n\t\t\t\t<section class=\"elementor-section elementor-top-section elementor-element elementor-element-08543da elementor-section-boxed elementor-section-height-default elementor-section-height-default rt-default-class\" data-id=\"08543da\" data-element_type=\"section\" data-e-type=\"section\">\n\t\t\t\t\t\t<div class=\"elementor-container elementor-column-gap-default\">\n\t\t\t\t\t<div class=\"elementor-column elementor-col-100 elementor-top-column elementor-element elementor-element-464cb76 rt-default-class\" data-id=\"464cb76\" data-element_type=\"column\" data-e-type=\"column\">\n\t\t\t<div class=\"elementor-widget-wrap elementor-element-populated\">\n\t\t\t\t\t\t<div class=\"elementor-element elementor-element-c4718d1 elementor-widget__width-inherit rt-default-class elementor-widget elementor-widget-ucaddon_uc_tiles_grid_image\" data-id=\"c4718d1\" data-element_type=\"widget\" data-e-type=\"widget\" data-widget_type=\"ucaddon_uc_tiles_grid_image.default\">\n\t\t\t\t<div class=\"elementor-widget-container\">\n\t\t\t\t\t\n<!-- start Tile Gallery -->\n\t\t<link id='font-awesome-css' href='https:\/\/luxeauenergie.lu\/wp-content\/plugins\/unlimited-elements-for-elementor\/assets_libraries\/font-awesome6\/fontawesome-all.min.css' type='text\/css' rel='stylesheet' >\n\t\t<link id='font-awesome-4-shim-css' href='https:\/\/luxeauenergie.lu\/wp-content\/plugins\/unlimited-elements-for-elementor\/assets_libraries\/font-awesome6\/fontawesome-v4-shims.min.css' type='text\/css' rel='stylesheet' >\n\t\t<link id='unitegallery-css' href='https:\/\/luxeauenergie.lu\/wp-content\/plugins\/unlimited-elements-for-elementor\/assets_libraries\/unitegallery\/css\/unite-gallery.css' type='text\/css' rel='stylesheet' >\n\n<style>\/* widget: Tile Gallery *\/\n\n#uc_uc_tiles_grid_image_elementor_c4718d1-wrapper{\n  min-height: 1px;\n}\n\n#uc_uc_tiles_grid_image_elementor_c4718d1{\n  margin:0 auto;\n  direction:ltr;\n  display: none;\n}\n\n\n\n<\/style>\n\n<div id=\"uc_uc_tiles_grid_image_elementor_c4718d1-wrapper\">\n  <div id=\"uc_uc_tiles_grid_image_elementor_c4718d1\" class=\"uc-items-wrapper\" data-custom-sethtml=\"true\" >\n    \n<img decoding=\"async\" alt=\"Luxeau energie  Panneaux Solaires  \u00e9nergie renouvelable luxeau energie\"\n   data-src=\"https:\/\/luxeauenergie.lu\/wp-content\/uploads\/2025\/09\/Panneaux-Solaires-7-1-768x576.jpeg\"\n    data-image=\"https:\/\/luxeauenergie.lu\/wp-content\/uploads\/2025\/09\/Panneaux-Solaires-7-1-1024x768.jpeg\"\n    data-title=\"Luxeau energie  Panneaux Solaires  \" src=\"data:image\/svg+xml;base64,PHN2ZyB3aWR0aD0iMSIgaGVpZ2h0PSIxIiB4bWxucz0iaHR0cDovL3d3dy53My5vcmcvMjAwMC9zdmciPjwvc3ZnPg==\" class=\"lazyload\" style=\"--smush-placeholder-width: 768px; --smush-placeholder-aspect-ratio: 768\/576;\">\n\n<img decoding=\"async\" alt=\"Luxeau energie  Panneaux Solaires  \u00e9nergie renouvelable luxeau energie\"\n   data-src=\"https:\/\/luxeauenergie.lu\/wp-content\/uploads\/2025\/09\/Panneaux-Solaires-6-1-768x1024.jpeg\"\n    data-image=\"https:\/\/luxeauenergie.lu\/wp-content\/uploads\/2025\/09\/Panneaux-Solaires-6-1-768x1024.jpeg\"\n    data-title=\"Luxeau energie  Panneaux Solaires  \" src=\"data:image\/svg+xml;base64,PHN2ZyB3aWR0aD0iMSIgaGVpZ2h0PSIxIiB4bWxucz0iaHR0cDovL3d3dy53My5vcmcvMjAwMC9zdmciPjwvc3ZnPg==\" class=\"lazyload\" style=\"--smush-placeholder-width: 768px; --smush-placeholder-aspect-ratio: 768\/1024;\">\n\n<img decoding=\"async\" alt=\"Luxeau energie  Panneaux Solaires  \u00e9nergie renouvelable luxeau energie\"\n   data-src=\"https:\/\/luxeauenergie.lu\/wp-content\/uploads\/2025\/09\/Panneaux-Solaires-5-1-768x576.jpeg\"\n    data-image=\"https:\/\/luxeauenergie.lu\/wp-content\/uploads\/2025\/09\/Panneaux-Solaires-5-1-1024x768.jpeg\"\n    data-title=\"Luxeau energie  Panneaux Solaires  \" src=\"data:image\/svg+xml;base64,PHN2ZyB3aWR0aD0iMSIgaGVpZ2h0PSIxIiB4bWxucz0iaHR0cDovL3d3dy53My5vcmcvMjAwMC9zdmciPjwvc3ZnPg==\" class=\"lazyload\" style=\"--smush-placeholder-width: 768px; --smush-placeholder-aspect-ratio: 768\/576;\">\n\n<img decoding=\"async\" alt=\"Luxeau energie  Panneaux Solaires  \u00e9nergie renouvelable luxeau energie\"\n   data-src=\"https:\/\/luxeauenergie.lu\/wp-content\/uploads\/2025\/09\/Panneaux-Solaires-4-1-768x1024.jpeg\"\n    data-image=\"https:\/\/luxeauenergie.lu\/wp-content\/uploads\/2025\/09\/Panneaux-Solaires-4-1-768x1024.jpeg\"\n    data-title=\"Luxeau energie  Panneaux Solaires  \" src=\"data:image\/svg+xml;base64,PHN2ZyB3aWR0aD0iMSIgaGVpZ2h0PSIxIiB4bWxucz0iaHR0cDovL3d3dy53My5vcmcvMjAwMC9zdmciPjwvc3ZnPg==\" class=\"lazyload\" style=\"--smush-placeholder-width: 768px; --smush-placeholder-aspect-ratio: 768\/1024;\">\n\n<img decoding=\"async\" alt=\"Luxeau energie  Panneaux Solaires  \u00e9nergie renouvelable luxeau energie\"\n   data-src=\"https:\/\/luxeauenergie.lu\/wp-content\/uploads\/2025\/09\/Panneaux-Solaires-3-1-768x1024.jpeg\"\n    data-image=\"https:\/\/luxeauenergie.lu\/wp-content\/uploads\/2025\/09\/Panneaux-Solaires-3-1-768x1024.jpeg\"\n    data-title=\"Luxeau energie  Panneaux Solaires  \" src=\"data:image\/svg+xml;base64,PHN2ZyB3aWR0aD0iMSIgaGVpZ2h0PSIxIiB4bWxucz0iaHR0cDovL3d3dy53My5vcmcvMjAwMC9zdmciPjwvc3ZnPg==\" class=\"lazyload\" style=\"--smush-placeholder-width: 768px; --smush-placeholder-aspect-ratio: 768\/1024;\">\n\n<img decoding=\"async\" alt=\"Luxeau energie  Panneaux Solaires  \u00e9nergie renouvelable luxeau energie\"\n   data-src=\"https:\/\/luxeauenergie.lu\/wp-content\/uploads\/2025\/09\/Panneaux-Solaires2-1-768x1024.jpeg\"\n    data-image=\"https:\/\/luxeauenergie.lu\/wp-content\/uploads\/2025\/09\/Panneaux-Solaires2-1-768x1024.jpeg\"\n    data-title=\"Luxeau energie  Panneaux Solaires  \" src=\"data:image\/svg+xml;base64,PHN2ZyB3aWR0aD0iMSIgaGVpZ2h0PSIxIiB4bWxucz0iaHR0cDovL3d3dy53My5vcmcvMjAwMC9zdmciPjwvc3ZnPg==\" class=\"lazyload\" style=\"--smush-placeholder-width: 768px; --smush-placeholder-aspect-ratio: 768\/1024;\">\n\n<img decoding=\"async\" alt=\"Luxeau energie  Panneaux Solaires  \u00e9nergie renouvelable luxeau energie\"\n   data-src=\"https:\/\/luxeauenergie.lu\/wp-content\/uploads\/2025\/09\/Panneaux-Solaires1-1-768x1024.jpeg\"\n    data-image=\"https:\/\/luxeauenergie.lu\/wp-content\/uploads\/2025\/09\/Panneaux-Solaires1-1-768x1024.jpeg\"\n    data-title=\"Luxeau energie  Panneaux Solaires  \" src=\"data:image\/svg+xml;base64,PHN2ZyB3aWR0aD0iMSIgaGVpZ2h0PSIxIiB4bWxucz0iaHR0cDovL3d3dy53My5vcmcvMjAwMC9zdmciPjwvc3ZnPg==\" class=\"lazyload\" style=\"--smush-placeholder-width: 768px; --smush-placeholder-aspect-ratio: 768\/1024;\">\n\n<img decoding=\"async\" alt=\"Luxeau energie  Panneaux Solaires  \u00e9nergie renouvelable luxeau energie\"\n   data-src=\"https:\/\/luxeauenergie.lu\/wp-content\/uploads\/2025\/09\/Isolation-facade-2-768x1024.jpeg\"\n    data-image=\"https:\/\/luxeauenergie.lu\/wp-content\/uploads\/2025\/09\/Isolation-facade-2-768x1024.jpeg\"\n    data-title=\"Luxeau energie  Panneaux Solaires  \" src=\"data:image\/svg+xml;base64,PHN2ZyB3aWR0aD0iMSIgaGVpZ2h0PSIxIiB4bWxucz0iaHR0cDovL3d3dy53My5vcmcvMjAwMC9zdmciPjwvc3ZnPg==\" class=\"lazyload\" style=\"--smush-placeholder-width: 768px; --smush-placeholder-aspect-ratio: 768\/1024;\">\n\n<img decoding=\"async\" alt=\"Luxeau energie  Panneaux Solaires  \u00e9nergie renouvelable luxeau energie\"\n   data-src=\"https:\/\/luxeauenergie.lu\/wp-content\/uploads\/2025\/10\/WhatsApp-Image-2025-10-11-a-08.24.54_c160714f-768x576.jpg\"\n    data-image=\"https:\/\/luxeauenergie.lu\/wp-content\/uploads\/2025\/10\/WhatsApp-Image-2025-10-11-a-08.24.54_c160714f-1024x768.jpg\"\n    data-title=\"Luxeau energie  Panneaux Solaires  \" src=\"data:image\/svg+xml;base64,PHN2ZyB3aWR0aD0iMSIgaGVpZ2h0PSIxIiB4bWxucz0iaHR0cDovL3d3dy53My5vcmcvMjAwMC9zdmciPjwvc3ZnPg==\" class=\"lazyload\" style=\"--smush-placeholder-width: 768px; --smush-placeholder-aspect-ratio: 768\/576;\">\n\n<img decoding=\"async\" alt=\"Luxeau energie  Panneaux Solaires  \u00e9nergie renouvelable luxeau energie\"\n   data-src=\"https:\/\/luxeauenergie.lu\/wp-content\/uploads\/2025\/10\/WhatsApp-Image-2025-10-11-a-08.24.54_acf629f7-768x576.jpg\"\n    data-image=\"https:\/\/luxeauenergie.lu\/wp-content\/uploads\/2025\/10\/WhatsApp-Image-2025-10-11-a-08.24.54_acf629f7-1024x768.jpg\"\n    data-title=\"Luxeau energie  Panneaux Solaires  \" src=\"data:image\/svg+xml;base64,PHN2ZyB3aWR0aD0iMSIgaGVpZ2h0PSIxIiB4bWxucz0iaHR0cDovL3d3dy53My5vcmcvMjAwMC9zdmciPjwvc3ZnPg==\" class=\"lazyload\" style=\"--smush-placeholder-width: 768px; --smush-placeholder-aspect-ratio: 768\/576;\">\n\n<img decoding=\"async\" alt=\"Luxeau energie  Panneaux Solaires  \u00e9nergie renouvelable luxeau energie\"\n   data-src=\"https:\/\/luxeauenergie.lu\/wp-content\/uploads\/2025\/10\/WhatsApp-Image-2025-10-11-a-08.24.53_c5a2c59f-768x576.jpg\"\n    data-image=\"https:\/\/luxeauenergie.lu\/wp-content\/uploads\/2025\/10\/WhatsApp-Image-2025-10-11-a-08.24.53_c5a2c59f-1024x768.jpg\"\n    data-title=\"Luxeau energie  Panneaux Solaires  \" src=\"data:image\/svg+xml;base64,PHN2ZyB3aWR0aD0iMSIgaGVpZ2h0PSIxIiB4bWxucz0iaHR0cDovL3d3dy53My5vcmcvMjAwMC9zdmciPjwvc3ZnPg==\" class=\"lazyload\" style=\"--smush-placeholder-width: 768px; --smush-placeholder-aspect-ratio: 768\/576;\">\n\n<img decoding=\"async\" alt=\"Luxeau energie  Panneaux Solaires  \u00e9nergie renouvelable luxeau energie\"\n   data-src=\"https:\/\/luxeauenergie.lu\/wp-content\/uploads\/2025\/10\/WhatsApp-Image-2025-10-11-a-08.24.54_09d9ccfd-768x576.jpg\"\n    data-image=\"https:\/\/luxeauenergie.lu\/wp-content\/uploads\/2025\/10\/WhatsApp-Image-2025-10-11-a-08.24.54_09d9ccfd-1024x768.jpg\"\n    data-title=\"Luxeau energie  Panneaux Solaires  \" src=\"data:image\/svg+xml;base64,PHN2ZyB3aWR0aD0iMSIgaGVpZ2h0PSIxIiB4bWxucz0iaHR0cDovL3d3dy53My5vcmcvMjAwMC9zdmciPjwvc3ZnPg==\" class=\"lazyload\" style=\"--smush-placeholder-width: 768px; --smush-placeholder-aspect-ratio: 768\/576;\">\n  \n  <\/div>\n<\/div>\n<!-- end Tile Gallery -->\t\t\t\t<\/div>\n\t\t\t\t<\/div>\n\t\t\t\t\t<\/div>\n\t\t<\/div>\n\t\t\t\t\t<\/div>\n\t\t<\/section>\n\t\t\t\t<\/div>","protected":false},"excerpt":{"rendered":"<p>Projet Panneaux Solaires Notre projet vise \u00e0 r\u00e9volutionner l\u2019approvisionnement en \u00e9nergie en proposant une solution durable et respectueuse de l\u2019environnement : l\u2019installation de panneaux solaires. Nous nous engageons \u00e0 offrir une alternative \u00e9nerg\u00e9tique fiable et \u00e9conomique pour les particuliers, entreprises et collectivit\u00e9s, en utilisant l\u2019\u00e9nergie solaire pour produire de l\u2019\u00e9lectricit\u00e9 propre et r\u00e9duire l&#8217;empreinte carbone.<\/p>","protected":false},"author":2,"featured_media":11663,"parent":1855,"menu_order":0,"comment_status":"closed","ping_status":"closed","template":"elementor_header_footer","meta":{"_monsterinsights_skip_tracking":false,"_monsterinsights_sitenote_active":false,"_monsterinsights_sitenote_note":"","_monsterinsights_sitenote_category":0,"footnotes":""},"class_list":["post-11659","page","type-page","status-publish","has-post-thumbnail","hentry"],"_links":{"self":[{"href":"https:\/\/luxeauenergie.lu\/en\/wp-json\/wp\/v2\/pages\/11659","targetHints":{"allow":["GET"]}}],"collection":[{"href":"https:\/\/luxeauenergie.lu\/en\/wp-json\/wp\/v2\/pages"}],"about":[{"href":"https:\/\/luxeauenergie.lu\/en\/wp-json\/wp\/v2\/types\/page"}],"author":[{"embeddable":true,"href":"https:\/\/luxeauenergie.lu\/en\/wp-json\/wp\/v2\/users\/2"}],"replies":[{"embeddable":true,"href":"https:\/\/luxeauenergie.lu\/en\/wp-json\/wp\/v2\/comments?post=11659"}],"version-history":[{"count":20,"href":"https:\/\/luxeauenergie.lu\/en\/wp-json\/wp\/v2\/pages\/11659\/revisions"}],"predecessor-version":[{"id":13055,"href":"https:\/\/luxeauenergie.lu\/en\/wp-json\/wp\/v2\/pages\/11659\/revisions\/13055"}],"up":[{"embeddable":true,"href":"https:\/\/luxeauenergie.lu\/en\/wp-json\/wp\/v2\/pages\/1855"}],"wp:featuredmedia":[{"embeddable":true,"href":"https:\/\/luxeauenergie.lu\/en\/wp-json\/wp\/v2\/media\/11663"}],"wp:attachment":[{"href":"https:\/\/luxeauenergie.lu\/en\/wp-json\/wp\/v2\/media?parent=11659"}],"curies":[{"name":"wp","href":"https:\/\/api.w.org\/{rel}","templated":true}]}}