{"id":10776,"date":"2025-06-22T14:16:25","date_gmt":"2025-06-22T14:16:25","guid":{"rendered":"https:\/\/luxeauenergie.lu\/?page_id=10776"},"modified":"2025-10-05T09:21:25","modified_gmt":"2025-10-05T09:21:25","slug":"isolation-facade","status":"publish","type":"page","link":"https:\/\/luxeauenergie.lu\/en\/services\/isolation-facade\/","title":{"rendered":"Facade insulation"},"content":{"rendered":"<div data-elementor-type=\"wp-page\" data-elementor-id=\"10776\" class=\"elementor elementor-10776\">\n\t\t\t\t\t\t<section class=\"elementor-section elementor-top-section elementor-element elementor-element-1f753a1 elementor-reverse-mobile elementor-section-boxed elementor-section-height-default elementor-section-height-default rt-default-class\" data-id=\"1f753a1\" data-element_type=\"section\" data-e-type=\"section\">\n\t\t\t\t\t\t<div class=\"elementor-container elementor-column-gap-default\">\n\t\t\t\t\t<div class=\"elementor-column elementor-col-66 elementor-top-column elementor-element elementor-element-229160e0 rt-default-class\" data-id=\"229160e0\" data-element_type=\"column\" data-e-type=\"column\">\n\t\t\t<div class=\"elementor-widget-wrap elementor-element-populated\">\n\t\t\t\t\t\t<div class=\"elementor-element elementor-element-1143afbd rt-default-class elementor-widget elementor-widget-image\" data-id=\"1143afbd\" data-element_type=\"widget\" data-e-type=\"widget\" data-widget_type=\"image.default\">\n\t\t\t\t<div class=\"elementor-widget-container\">\n\t\t\t\t\t\t\t\t\t\t\t\t\t\t\t<img title=\"Luxeau energie Isolation-facade-1 Isolation fa\u00e7ade  \"fetchpriority=\"high\" decoding=\"async\" width=\"1024\" height=\"768\" src=\"https:\/\/luxeauenergie.lu\/wp-content\/uploads\/2025\/09\/Isolation-facade-1.png\" class=\"attachment-full size-full wp-image-11603\" alt=\"Luxeau energie Isolation-facade-1 Isolation fa\u00e7ade  \u00e9nergie renouvelable luxeau energie\" srcset=\"https:\/\/luxeauenergie.lu\/wp-content\/uploads\/2025\/09\/Isolation-facade-1.png 1024w, https:\/\/luxeauenergie.lu\/wp-content\/uploads\/2025\/09\/Isolation-facade-1-300x225.png 300w, https:\/\/luxeauenergie.lu\/wp-content\/uploads\/2025\/09\/Isolation-facade-1-768x576.png 768w, https:\/\/luxeauenergie.lu\/wp-content\/uploads\/2025\/09\/Isolation-facade-1-16x12.png 16w, https:\/\/luxeauenergie.lu\/wp-content\/uploads\/2025\/09\/Isolation-facade-1-600x450.png 600w\" sizes=\"(max-width: 1024px) 100vw, 1024px\" \/>\t\t\t\t\t\t\t\t\t\t\t\t\t\t\t<\/div>\n\t\t\t\t<\/div>\n\t\t\t\t<div class=\"elementor-element elementor-element-787f7a71 rt-default-class elementor-widget elementor-widget-heading\" data-id=\"787f7a71\" data-element_type=\"widget\" data-e-type=\"widget\" data-widget_type=\"heading.default\">\n\t\t\t\t<div class=\"elementor-widget-container\">\n\t\t\t\t\t<h2 class=\"elementor-heading-title elementor-size-default\">What is thermal insulation?<\/h2>\t\t\t\t<\/div>\n\t\t\t\t<\/div>\n\t\t\t\t<div class=\"elementor-element elementor-element-67be5738 rt-default-class elementor-widget elementor-widget-text-editor\" data-id=\"67be5738\" data-element_type=\"widget\" data-e-type=\"widget\" data-widget_type=\"text-editor.default\">\n\t\t\t\t<div class=\"elementor-widget-container\">\n\t\t\t\t\t\t\t\t\t<p class=\"disc\">Thermal insulation involves installing a protective barrier made of insulating materials between your home and the outside, in order to regulate temperature exchanges. This solution limits heat loss in winter and prevents overheating in summer. In Luxembourg, choosing thermal insulation allows you to permanently reduce your heating and air conditioning needs, improve your comfort all year round and significantly reduce your energy consumption. By taking advantage of the financial assistance available (government subsidies and grants), thermal insulation becomes an investment that is both economically profitable and environmentally responsible.<\/p>\n\n<p class=\"disc\">Thermal insulation relies on the use of insulating materials that slow down heat transfer by conduction, convection and radiation. In winter, it retains heat inside the home, while in summer, it blocks heat from outside. By treating critical surfaces (roof, walls, floors) and eliminating thermal bridges, effective insulation significantly reduces energy loss. Combined with the subsidies and financial assistance available in Luxembourg, this solution offers long-term savings and a quick return on investment.<\/p>\t\t\t\t\t\t\t\t<\/div>\n\t\t\t\t<\/div>\n\t\t\t\t<section class=\"elementor-section elementor-inner-section elementor-element elementor-element-56bbe95 elementor-section-content-middle elementor-section-boxed elementor-section-height-default elementor-section-height-default rt-default-class\" data-id=\"56bbe95\" data-element_type=\"section\" data-e-type=\"section\">\n\t\t\t\t\t\t<div class=\"elementor-container elementor-column-gap-default\">\n\t\t\t\t\t<div class=\"elementor-column elementor-col-100 elementor-inner-column elementor-element elementor-element-3819707 rt-default-class\" data-id=\"3819707\" data-element_type=\"column\" data-e-type=\"column\">\n\t\t\t<div class=\"elementor-widget-wrap elementor-element-populated\">\n\t\t\t\t\t\t<div class=\"elementor-element elementor-element-f8ae72a rt-default-class elementor-widget elementor-widget-heading\" data-id=\"f8ae72a\" data-element_type=\"widget\" data-e-type=\"widget\" data-widget_type=\"heading.default\">\n\t\t\t\t<div class=\"elementor-widget-container\">\n\t\t\t\t\t<h2 class=\"elementor-heading-title elementor-size-default\">Key benefits of insulation:<\/h2>\t\t\t\t<\/div>\n\t\t\t\t<\/div>\n\t\t\t\t\t<\/div>\n\t\t<\/div>\n\t\t\t\t\t<\/div>\n\t\t<\/section>\n\t\t<div class=\"elementor-element elementor-element-d4dbe62 ssss e-con-full e-flex rt-default-class e-con e-parent\" data-id=\"d4dbe62\" data-element_type=\"container\" data-e-type=\"container\">\n\t\t\t\t<div class=\"elementor-element elementor-element-5de8f47 elementor-widget__width-initial rt-default-class elementor-widget elementor-widget-rt-service-grid\" data-id=\"5de8f47\" data-element_type=\"widget\" data-e-type=\"widget\" data-widget_type=\"rt-service-grid.default\">\n\t\t\t\t<div class=\"elementor-widget-container\">\n\t\t\t\t\t\r\n\t\t\r\n\r\n\r\n\t\t\r\n\r\n\t\t\r\n\r\n\t\t\r\n\r\n\t\t\r\n\t\t\t<div class=\"single-feature-soalri-3\">\r\n\t\t\t\t<div class=\"icon\">\r\n\t\t\t\t\t\t\t\t\t\t\t\t\t\t\t\t\t\t\t\t<\/div>\r\n\t\t\t\t<h5 class=\"title\">\r\n\t\t\t\t\t\t\t\t\t\t\tComfort all year round\t\t\t\t\t\t\t\t\t<\/h5>\r\n\t\t\t\t<p class=\"disc\">\r\n                                            Warm in winter, cool in summer                                    <\/p>\r\n\t\t\t\t\t\t\t<\/div>\r\n\r\n\t\t\r\n\r\n\t\t\r\n\t\t\r\n\r\n\t\t\r\n\r\n\t\t\r\n\t\t\r\n\t\t\t\t<\/div>\n\t\t\t\t<\/div>\n\t\t\t\t<div class=\"elementor-element elementor-element-e741e30 elementor-widget__width-initial rt-default-class elementor-widget elementor-widget-rt-service-grid\" data-id=\"e741e30\" data-element_type=\"widget\" data-e-type=\"widget\" data-widget_type=\"rt-service-grid.default\">\n\t\t\t\t<div class=\"elementor-widget-container\">\n\t\t\t\t\t\r\n\t\t\r\n\r\n\r\n\t\t\r\n\r\n\t\t\r\n\r\n\t\t\r\n\r\n\t\t\r\n\t\t\t<div class=\"single-feature-soalri-3\">\r\n\t\t\t\t<div class=\"icon\">\r\n\t\t\t\t\t\t\t\t\t\t\t\t\t\t\t\t\t\t\t\t<\/div>\r\n\t\t\t\t<h5 class=\"title\">\r\n\t\t\t\t\t\t\t\t\t\t\tGuaranteed savings\t\t\t\t\t\t\t\t\t<\/h5>\r\n\t\t\t\t<p class=\"disc\">\r\n                                            Reduced energy bills                                    <\/p>\r\n\t\t\t\t\t\t\t<\/div>\r\n\r\n\t\t\r\n\r\n\t\t\r\n\t\t\r\n\r\n\t\t\r\n\r\n\t\t\r\n\t\t\r\n\t\t\t\t<\/div>\n\t\t\t\t<\/div>\n\t\t\t\t<div class=\"elementor-element elementor-element-f9508ed elementor-widget__width-initial rt-default-class elementor-widget elementor-widget-rt-service-grid\" data-id=\"f9508ed\" data-element_type=\"widget\" data-e-type=\"widget\" data-widget_type=\"rt-service-grid.default\">\n\t\t\t\t<div class=\"elementor-widget-container\">\n\t\t\t\t\t\r\n\t\t\r\n\r\n\r\n\t\t\r\n\r\n\t\t\r\n\r\n\t\t\r\n\r\n\t\t\r\n\t\t\t<div class=\"single-feature-soalri-3\">\r\n\t\t\t\t<div class=\"icon\">\r\n\t\t\t\t\t\t\t\t\t\t\t\t\t\t\t\t\t\t\t\t<\/div>\r\n\t\t\t\t<h5 class=\"title\">\r\n\t\t\t\t\t\t\t\t\t\t\tEnvironmentally friendly\t\t\t\t\t\t\t\t\t<\/h5>\r\n\t\t\t\t<p class=\"disc\">\r\n                                            Reduced environmental footprint                                    <\/p>\r\n\t\t\t\t\t\t\t<\/div>\r\n\r\n\t\t\r\n\r\n\t\t\r\n\t\t\r\n\r\n\t\t\r\n\r\n\t\t\r\n\t\t\r\n\t\t\t\t<\/div>\n\t\t\t\t<\/div>\n\t\t\t\t<\/div>\n\t\t\t\t<section class=\"elementor-section elementor-inner-section elementor-element elementor-element-5ea274a elementor-section-content-middle elementor-section-boxed elementor-section-height-default elementor-section-height-default rt-default-class\" data-id=\"5ea274a\" data-element_type=\"section\" data-e-type=\"section\">\n\t\t\t\t\t\t<div class=\"elementor-container elementor-column-gap-default\">\n\t\t\t\t\t<div class=\"elementor-column elementor-col-100 elementor-inner-column elementor-element elementor-element-9a1ea14 rt-default-class\" data-id=\"9a1ea14\" data-element_type=\"column\" data-e-type=\"column\">\n\t\t\t<div class=\"elementor-widget-wrap elementor-element-populated\">\n\t\t\t\t\t\t<div class=\"elementor-element elementor-element-321787e rt-default-class elementor-widget elementor-widget-heading\" data-id=\"321787e\" data-element_type=\"widget\" data-e-type=\"widget\" data-widget_type=\"heading.default\">\n\t\t\t\t<div class=\"elementor-widget-container\">\n\t\t\t\t\t<h2 class=\"elementor-heading-title elementor-size-default\">The essentials:<\/h2>\t\t\t\t<\/div>\n\t\t\t\t<\/div>\n\t\t\t\t<div class=\"elementor-element elementor-element-3c8a731 rt-default-class elementor-widget elementor-widget-text-editor\" data-id=\"3c8a731\" data-element_type=\"widget\" data-e-type=\"widget\" data-widget_type=\"text-editor.default\">\n\t\t\t\t<div class=\"elementor-widget-container\">\n\t\t\t\t\t\t\t\t\t<p class=\"disc\">Comfort, savings and ecology combined.<\/p>\t\t\t\t\t\t\t\t<\/div>\n\t\t\t\t<\/div>\n\t\t\t\t\t<\/div>\n\t\t<\/div>\n\t\t\t\t\t<\/div>\n\t\t<\/section>\n\t\t\t\t\t<\/div>\n\t\t<\/div>\n\t\t\t\t<div class=\"elementor-column elementor-col-33 elementor-top-column elementor-element elementor-element-4fe51415 elementor-hidden-tablet elementor-hidden-mobile rt-default-class\" data-id=\"4fe51415\" data-element_type=\"column\" data-e-type=\"column\">\n\t\t\t<div class=\"elementor-widget-wrap elementor-element-populated\">\n\t\t\t\t\t\t<section class=\"elementor-section elementor-inner-section elementor-element elementor-element-70038dea elementor-section-boxed elementor-section-height-default elementor-section-height-default rt-default-class\" data-id=\"70038dea\" data-element_type=\"section\" data-e-type=\"section\" data-settings=\"{&quot;background_background&quot;:&quot;classic&quot;}\">\n\t\t\t\t\t\t<div class=\"elementor-container elementor-column-gap-default\">\n\t\t\t\t\t<div class=\"elementor-column elementor-col-100 elementor-inner-column elementor-element elementor-element-605fde91 rt-default-class\" data-id=\"605fde91\" data-element_type=\"column\" data-e-type=\"column\">\n\t\t\t<div class=\"elementor-widget-wrap elementor-element-populated\">\n\t\t\t\t\t\t<div class=\"elementor-element elementor-element-6d0d4b8a rt-default-class elementor-widget elementor-widget-heading\" data-id=\"6d0d4b8a\" data-element_type=\"widget\" data-e-type=\"widget\" data-widget_type=\"heading.default\">\n\t\t\t\t<div class=\"elementor-widget-container\">\n\t\t\t\t\t<h5 class=\"elementor-heading-title elementor-size-default\">Our services<\/h5>\t\t\t\t<\/div>\n\t\t\t\t<\/div>\n\t\t\t\t<div class=\"elementor-element elementor-element-6001c92f hfe-nav-menu__align-left rt-default-class elementor-widget elementor-widget-navigation-menu\" data-id=\"6001c92f\" data-element_type=\"widget\" data-e-type=\"widget\" data-settings=\"{&quot;menu_space_between_margin&quot;:{&quot;unit&quot;:&quot;px&quot;,&quot;size&quot;:15,&quot;sizes&quot;:[]},&quot;padding_horizontal_menu_item&quot;:{&quot;unit&quot;:&quot;px&quot;,&quot;size&quot;:25,&quot;sizes&quot;:[]},&quot;padding_vertical_menu_item&quot;:{&quot;unit&quot;:&quot;px&quot;,&quot;size&quot;:18,&quot;sizes&quot;:[]},&quot;meniu_border_radius&quot;:{&quot;unit&quot;:&quot;px&quot;,&quot;top&quot;:&quot;30&quot;,&quot;right&quot;:&quot;30&quot;,&quot;bottom&quot;:&quot;30&quot;,&quot;left&quot;:&quot;30&quot;,&quot;isLinked&quot;:true},&quot;padding_horizontal_menu_item_tablet&quot;:{&quot;unit&quot;:&quot;px&quot;,&quot;size&quot;:&quot;&quot;,&quot;sizes&quot;:[]},&quot;padding_horizontal_menu_item_mobile&quot;:{&quot;unit&quot;:&quot;px&quot;,&quot;size&quot;:&quot;&quot;,&quot;sizes&quot;:[]},&quot;padding_vertical_menu_item_tablet&quot;:{&quot;unit&quot;:&quot;px&quot;,&quot;size&quot;:&quot;&quot;,&quot;sizes&quot;:[]},&quot;padding_vertical_menu_item_mobile&quot;:{&quot;unit&quot;:&quot;px&quot;,&quot;size&quot;:&quot;&quot;,&quot;sizes&quot;:[]},&quot;menu_space_between_margin_tablet&quot;:{&quot;unit&quot;:&quot;px&quot;,&quot;size&quot;:&quot;&quot;,&quot;sizes&quot;:[]},&quot;menu_space_between_margin_mobile&quot;:{&quot;unit&quot;:&quot;px&quot;,&quot;size&quot;:&quot;&quot;,&quot;sizes&quot;:[]},&quot;meniu_border_radius_tablet&quot;:{&quot;unit&quot;:&quot;px&quot;,&quot;top&quot;:&quot;&quot;,&quot;right&quot;:&quot;&quot;,&quot;bottom&quot;:&quot;&quot;,&quot;left&quot;:&quot;&quot;,&quot;isLinked&quot;:true},&quot;meniu_border_radius_mobile&quot;:{&quot;unit&quot;:&quot;px&quot;,&quot;top&quot;:&quot;&quot;,&quot;right&quot;:&quot;&quot;,&quot;bottom&quot;:&quot;&quot;,&quot;left&quot;:&quot;&quot;,&quot;isLinked&quot;:true},&quot;dropdown_border_radius&quot;:{&quot;unit&quot;:&quot;px&quot;,&quot;top&quot;:&quot;&quot;,&quot;right&quot;:&quot;&quot;,&quot;bottom&quot;:&quot;&quot;,&quot;left&quot;:&quot;&quot;,&quot;isLinked&quot;:true},&quot;dropdown_border_radius_tablet&quot;:{&quot;unit&quot;:&quot;px&quot;,&quot;top&quot;:&quot;&quot;,&quot;right&quot;:&quot;&quot;,&quot;bottom&quot;:&quot;&quot;,&quot;left&quot;:&quot;&quot;,&quot;isLinked&quot;:true},&quot;dropdown_border_radius_mobile&quot;:{&quot;unit&quot;:&quot;px&quot;,&quot;top&quot;:&quot;&quot;,&quot;right&quot;:&quot;&quot;,&quot;bottom&quot;:&quot;&quot;,&quot;left&quot;:&quot;&quot;,&quot;isLinked&quot;:true},&quot;padding_horizontal_dropdown_item&quot;:{&quot;unit&quot;:&quot;px&quot;,&quot;size&quot;:&quot;&quot;,&quot;sizes&quot;:[]},&quot;padding_horizontal_dropdown_item_tablet&quot;:{&quot;unit&quot;:&quot;px&quot;,&quot;size&quot;:&quot;&quot;,&quot;sizes&quot;:[]},&quot;padding_horizontal_dropdown_item_mobile&quot;:{&quot;unit&quot;:&quot;px&quot;,&quot;size&quot;:&quot;&quot;,&quot;sizes&quot;:[]},&quot;padding_vertical_dropdown_item&quot;:{&quot;unit&quot;:&quot;px&quot;,&quot;size&quot;:15,&quot;sizes&quot;:[]},&quot;padding_vertical_dropdown_item_tablet&quot;:{&quot;unit&quot;:&quot;px&quot;,&quot;size&quot;:&quot;&quot;,&quot;sizes&quot;:[]},&quot;padding_vertical_dropdown_item_mobile&quot;:{&quot;unit&quot;:&quot;px&quot;,&quot;size&quot;:&quot;&quot;,&quot;sizes&quot;:[]}}\" data-widget_type=\"navigation-menu.default\">\n\t\t\t\t<div class=\"elementor-widget-container\">\n\t\t\t\t\t\t<div class=\"menu-area vertical expand-on-click separator_\">         \r\n\t\t<div class=\"menu_one icon1 no\">\t\t\t\t\t\t\t \r\n\t\t\t<div class=\"col-cell menu-responsive  right_icon_yes left_icon_no enable_anim_no\">  \r\n\t\t\t\t\t\t\t\t\t<nav class=\"nav navbar\">\r\n\t\t\t\t\t\t<div class=\"navbar-menu\">\r\n\t\t\t\t\t\t\t<ul id=\"menu-services-menu\" class=\"menu\"><li id=\"menu-item-11106\" class=\"menu-item menu-item-type-post_type menu-item-object-page menu-item-11106\"><a href=\"https:\/\/luxeauenergie.lu\/en\/services\/panneaux-solaire\/\">solar panels<\/a><\/li>\n<li id=\"menu-item-10780\" class=\"menu-item menu-item-type-post_type menu-item-object-page menu-item-10780\"><a href=\"https:\/\/luxeauenergie.lu\/en\/services\/batteries-de-stockage\/\">Storage batteries<\/a><\/li>\n<li id=\"menu-item-10781\" class=\"menu-item menu-item-type-post_type menu-item-object-page menu-item-10781\"><a href=\"https:\/\/luxeauenergie.lu\/en\/services\/isolation-facade\/\">Facade insulation<\/a><\/li>\n<li id=\"menu-item-11141\" class=\"menu-item menu-item-type-post_type menu-item-object-page menu-item-11141\"><a href=\"https:\/\/luxeauenergie.lu\/en\/services\/borne-de-recharge\/\">Charging station<\/a><\/li>\n<li id=\"menu-item-3489\" class=\"menu-item menu-item-type-post_type menu-item-object-page menu-item-3489\"><a href=\"https:\/\/luxeauenergie.lu\/en\/services\/pompes-a-chaleur\/\">Heat pumps<\/a><\/li>\n<li id=\"menu-item-10779\" class=\"menu-item menu-item-type-post_type menu-item-object-page menu-item-10779\"><a href=\"https:\/\/luxeauenergie.lu\/en\/services\/filtration-deau\/\">Water filtration<\/a><\/li>\n<\/ul>\t\t\t\t\t\t<\/div>\r\n\t\t\t\t\t<\/nav>\r\n\t\t\t\t\t\t\t\t<\/div>\t\t\t\r\n\t\t\t\r\n\t\t<div class=\"sidebarmenu-area text-right mobilehum\">                                    \r\n\t\t\t<ul class=\"offcanvas-icon layout-1\">\r\n\t\t\t\t\t<li class=\"nav-link-container center\"> \r\n\t\t\t\t\t\t<a href=\"#\" class=\"nav-menu-link menu-button\">\r\n\t\t\t\t\t\t\t<svg width=\"20\" height=\"16\" viewbox=\"0 0 20 16\" fill=\"none\" xmlns=\"http:\/\/www.w3.org\/2000\/svg\">\r\n\t\t\t\t\t\t\t\t<rect y=\"14\" width=\"18\" height=\"2\" fill=\"#ffffff\"><\/rect>\r\n\t\t\t\t\t\t\t\t<rect y=\"7\" width=\"18\" height=\"2\" fill=\"#ffffff\"><\/rect>\r\n\t\t\t\t\t\t\t\t<rect width=\"18\" height=\"2\" fill=\"#ffffff\"><\/rect>\r\n\t\t\t\t\t\t\t<\/svg>\r\n\t\t\t\t\t\t<\/a> \r\n\t\t\t\t\t<\/li>\r\n\t\t\t\t<\/ul>                                      \r\n\t\t<\/div>      \r\n\t\t<\/div>\r\n\t<\/div>\t\t \r\n\t\t\t\t\t<\/div>\n\t\t\t\t<\/div>\n\t\t\t\t\t<\/div>\n\t\t<\/div>\n\t\t\t\t\t<\/div>\n\t\t<\/section>\n\t\t\t\t<section class=\"elementor-section elementor-inner-section elementor-element elementor-element-92a0f21 elementor-section-boxed elementor-section-height-default elementor-section-height-default rt-default-class\" data-id=\"92a0f21\" data-element_type=\"section\" data-e-type=\"section\" data-settings=\"{&quot;background_background&quot;:&quot;classic&quot;}\">\n\t\t\t\t\t\t<div class=\"elementor-container elementor-column-gap-default\">\n\t\t\t\t\t<div class=\"elementor-column elementor-col-100 elementor-inner-column elementor-element elementor-element-233ee8b rt-default-class\" data-id=\"233ee8b\" data-element_type=\"column\" data-e-type=\"column\">\n\t\t\t<div class=\"elementor-widget-wrap elementor-element-populated\">\n\t\t\t\t\t\t<div class=\"elementor-element elementor-element-0ac4797 rt-default-class elementor-widget elementor-widget-heading\" data-id=\"0ac4797\" data-element_type=\"widget\" data-e-type=\"widget\" data-widget_type=\"heading.default\">\n\t\t\t\t<div class=\"elementor-widget-container\">\n\t\t\t\t\t<h5 class=\"elementor-heading-title elementor-size-default\">Contact us<\/h5>\t\t\t\t<\/div>\n\t\t\t\t<\/div>\n\t\t\t\t<div class=\"elementor-element elementor-element-da683be rt-default-class elementor-widget elementor-widget-topbar-icon-list\" data-id=\"da683be\" data-element_type=\"widget\" data-e-type=\"widget\" data-widget_type=\"topbar-icon-list.default\">\n\t\t\t\t<div class=\"elementor-widget-container\">\n\t\t\t\t\t \n\n        <div class=\"rt-features-list-content\">                \n            <ul class=\"rt-features-list separator_no border_no rotate_no\">\n                    <li>\n                                                    <div class=\"icon\"><svg aria-hidden=\"true\" class=\"e-font-icon-svg e-far-envelope-open\" viewbox=\"0 0 512 512\" xmlns=\"http:\/\/www.w3.org\/2000\/svg\"><path d=\"M494.586 164.516c-4.697-3.883-111.723-89.95-135.251-108.657C337.231 38.191 299.437 0 256 0c-43.205 0-80.636 37.717-103.335 55.859-24.463 19.45-131.07 105.195-135.15 108.549A48.004 48.004 0 0 0 0 201.485V464c0 26.51 21.49 48 48 48h416c26.51 0 48-21.49 48-48V201.509a48 48 0 0 0-17.414-36.993zM464 458a6 6 0 0 1-6 6H54a6 6 0 0 1-6-6V204.347c0-1.813.816-3.526 2.226-4.665 15.87-12.814 108.793-87.554 132.364-106.293C200.755 78.88 232.398 48 256 48c23.693 0 55.857 31.369 73.41 45.389 23.573 18.741 116.503 93.493 132.366 106.316a5.99 5.99 0 0 1 2.224 4.663V458zm-31.991-187.704c4.249 5.159 3.465 12.795-1.745 16.981-28.975 23.283-59.274 47.597-70.929 56.863C336.636 362.283 299.205 400 256 400c-43.452 0-81.287-38.237-103.335-55.86-11.279-8.967-41.744-33.413-70.927-56.865-5.21-4.187-5.993-11.822-1.745-16.981l15.258-18.528c4.178-5.073 11.657-5.843 16.779-1.726 28.618 23.001 58.566 47.035 70.56 56.571C200.143 320.631 232.307 352 256 352c23.602 0 55.246-30.88 73.41-45.389 11.994-9.535 41.944-33.57 70.563-56.568 5.122-4.116 12.601-3.346 16.778 1.727l15.258 18.526z\"><\/path><\/svg><\/div>                            \n                                                                        <div class=\"query-list\">\n                                                                                       <a href=\"mailto:contact@luxeauenergie.lu\"><span class=\"text-heading\">contact@luxeauenergie.lu<\/span><\/a>                            \n                                                                                <\/div>                        \n                    <\/li>\n                \n            <\/ul>                          \n        <\/div>\n        \t\t\t\t<\/div>\n\t\t\t\t<\/div>\n\t\t\t\t<div class=\"elementor-element elementor-element-d4c3d40 rt-default-class elementor-widget elementor-widget-topbar-icon-list\" data-id=\"d4c3d40\" data-element_type=\"widget\" data-e-type=\"widget\" data-widget_type=\"topbar-icon-list.default\">\n\t\t\t\t<div class=\"elementor-widget-container\">\n\t\t\t\t\t \n\n        <div class=\"rt-features-list-content\">                \n            <ul class=\"rt-features-list separator_no border_no rotate_no\">\n                    <li>\n                                                    <div class=\"icon\"><i aria-hidden=\"true\" class=\"rt rt-phone-flip\"><\/i><\/div>                            \n                                                                        <div class=\"query-list\">\n                                                                                       <a href=\"tel:+352691142537\"><span class=\"text-heading\">+352 691 142 537<\/span><\/a>\n                                                                                    <\/div>                        \n                    <\/li>\n                \n            <\/ul>                          \n        <\/div>\n        \t\t\t\t<\/div>\n\t\t\t\t<\/div>\n\t\t\t\t<div class=\"elementor-element elementor-element-fd7071e rt-default-class elementor-widget elementor-widget-topbar-icon-list\" data-id=\"fd7071e\" data-element_type=\"widget\" data-e-type=\"widget\" data-widget_type=\"topbar-icon-list.default\">\n\t\t\t\t<div class=\"elementor-widget-container\">\n\t\t\t\t\t \n\n        <div class=\"rt-features-list-content\">                \n            <ul class=\"rt-features-list separator_no border_no rotate_no\">\n                    <li>\n                                                    <div class=\"icon\"><i aria-hidden=\"true\" class=\"rt rt-location-dot\"><\/i><\/div>                            \n                                                                        <div class=\"query-list\">\n                                                                                                                           <span class=\"text-heading\">19 Rue de l'Industrie, 8069 Bertrange, Luxembourg<\/span>\n                                    \n                                                                                <\/div>                        \n                    <\/li>\n                \n            <\/ul>                          \n        <\/div>\n        \t\t\t\t<\/div>\n\t\t\t\t<\/div>\n\t\t\t\t\t<\/div>\n\t\t<\/div>\n\t\t\t\t\t<\/div>\n\t\t<\/section>\n\t\t\t\t\t<\/div>\n\t\t<\/div>\n\t\t\t\t\t<\/div>\n\t\t<\/section>\n\t\t\t\t<\/div>","protected":false},"excerpt":{"rendered":"<p>l&#8217;isolation thermique c&#8217;est quoi ? L&#8217;isolation thermique consiste \u00e0 installer une barri\u00e8re protectrice compos\u00e9e de mat\u00e9riaux isolants entre votre habitat et l&#8217;ext\u00e9rieur, afin de r\u00e9guler les \u00e9changes de temp\u00e9rature. Cette solution limite les d\u00e9perditions de chaleur en hiver et pr\u00e9vient les surchauffes en \u00e9t\u00e9. Au Luxembourg, choisir l&#8217;isolation thermique permet de diminuer durablement vos besoins&#8230;<\/p>","protected":false},"author":2,"featured_media":11602,"parent":4759,"menu_order":0,"comment_status":"closed","ping_status":"closed","template":"","meta":{"_monsterinsights_skip_tracking":false,"_monsterinsights_sitenote_active":false,"_monsterinsights_sitenote_note":"","_monsterinsights_sitenote_category":0,"footnotes":""},"class_list":["post-10776","page","type-page","status-publish","has-post-thumbnail","hentry"],"_links":{"self":[{"href":"https:\/\/luxeauenergie.lu\/en\/wp-json\/wp\/v2\/pages\/10776","targetHints":{"allow":["GET"]}}],"collection":[{"href":"https:\/\/luxeauenergie.lu\/en\/wp-json\/wp\/v2\/pages"}],"about":[{"href":"https:\/\/luxeauenergie.lu\/en\/wp-json\/wp\/v2\/types\/page"}],"author":[{"embeddable":true,"href":"https:\/\/luxeauenergie.lu\/en\/wp-json\/wp\/v2\/users\/2"}],"replies":[{"embeddable":true,"href":"https:\/\/luxeauenergie.lu\/en\/wp-json\/wp\/v2\/comments?post=10776"}],"version-history":[{"count":48,"href":"https:\/\/luxeauenergie.lu\/en\/wp-json\/wp\/v2\/pages\/10776\/revisions"}],"predecessor-version":[{"id":12785,"href":"https:\/\/luxeauenergie.lu\/en\/wp-json\/wp\/v2\/pages\/10776\/revisions\/12785"}],"up":[{"embeddable":true,"href":"https:\/\/luxeauenergie.lu\/en\/wp-json\/wp\/v2\/pages\/4759"}],"wp:featuredmedia":[{"embeddable":true,"href":"https:\/\/luxeauenergie.lu\/en\/wp-json\/wp\/v2\/media\/11602"}],"wp:attachment":[{"href":"https:\/\/luxeauenergie.lu\/en\/wp-json\/wp\/v2\/media?parent=10776"}],"curies":[{"name":"wp","href":"https:\/\/api.w.org\/{rel}","templated":true}]}}